{"id":9607,"date":"2021-09-07T11:40:36","date_gmt":"2021-09-07T09:40:36","guid":{"rendered":"https:\/\/escort-technology.com\/?page_id=9607"},"modified":"2021-09-10T10:54:09","modified_gmt":"2021-09-10T08:54:09","slug":"czujniki-ruchu-marki-kongsberg","status":"publish","type":"page","link":"https:\/\/escort-technology.com\/pl\/czujniki-ruchu-marki-kongsberg\/","title":{"rendered":"Czujniki ruchu marki Kongsberg"},"content":{"rendered":"<h1>\n<h1 class=\"uk-article-title\">Czujniki ruchu marki Kongsberg<\/h1>\n<\/h1>\n<hr>\n<p><img decoding=\"async\" src=\"\/wp-content\/uploads\/2021\/09\/mru_family.jpg\" alt=\"\"><\/p>\n<div>\n<h2>Obs\u0142uga statk\u00f3w na morzu to z natury rzeczy bardzo wymagaj\u0105ce zaj\u0119cie. Aby wykonywa\u0107 zadania takie jak monitorowanie wysoko\u015bci fali, u\u017cywanie d\u017awig\u00f3w podczas trudnych warunk\u00f3w pogodowych lub okre\u015blanie po\u0142o\u017cenia statk\u00f3w za pomoc\u0105 dynamicznego pozycjonowania, nale\u017cy mierzy\u0107 parametry po\u0142o\u017cenia statku. Tu w\u0142a\u015bnie wkraczaj\u0105\u00a0 czujniki ruchu (MRU).<\/h2>\n<\/div>\n<div>\n<p>MRU nadaje si\u0119 do wszelkich operacji morskich, kt\u00f3re wymagaj\u0105 okre\u015blenia po\u0142o\u017cenia i kompensacji ruchu. Gama czujnik\u00f3w ruchu firmy Kongsberg zapewnia wysok\u0105 dok\u0142adno\u015b\u0107 pomiar\u00f3w ruchu we wszystkich \u015brodowiskach dynamicznych. Obejmuj\u0105 one wszystkie dzia\u0142ania morskie, od ma\u0142ych statk\u00f3w hydrograficznych po du\u017ce statki i instalacje.<\/p>\n<p>TYPOWE ZASTOSOWANIA<br \/>Kompensacja ruchu echosond jedno- i wielowi\u0105zkowych<br \/>Pomiary orientacji i po\u0142o\u017cenia na pojazdach AUV i ROV<br \/>Systemy kontroli i t\u0142umienia ruchu jednostek szybkich<br \/>Kompensacja przechy\u0142\u00f3w d\u017awig\u00f3w morskich<br \/>Pozycjonowanie dynamiczne<br \/>Pozycjonowanie hydroakustyczne<br \/>Monitorowanie ruchu statk\u00f3w<br \/>Pomiary fal oceanicznych<br \/>Kompensacja i stabilizacja ruchu anteny<\/p>\n<p>WYSOKA NIEZAWODNO\u015a\u0106<br \/>Zbudowane z p\u00f3\u0142przewodnikowych \u017cyroskop\u00f3w i akcelerometr\u00f3w, MRU firmy Kongsberg zapewniaj\u0105 pomiary ruchu w czasie rzeczywistym z wysok\u0105 dok\u0142adno\u015bci\u0105 dynamiczn\u0105. W\u0142asny, najnowocze\u015bniejszy projekt, konstrukcja i monta\u017c zapewniaj\u0105 niezwykle wysok\u0105 niezawodno\u015b\u0107 MRU w najbardziej wymagaj\u0105cych \u015brodowiskach morskich.<\/p>\n<p>\u0141\u0104CZENIE SZTUKI TECHNOLOGII Z APLIKACJAMI MRG<\/p>\n<p>\u017byroskopy oparte na systemach mikroelektromechanicznych (MEMS) by\u0142y wdra\u017cane w wielu r\u00f3\u017cnych odmianach w ci\u0105gu ostatnich 25 lat, a ci\u0105g\u0142e skupienie si\u0119 na innowacjach i pomys\u0142owo\u015bci doprowadzi\u0142o do ci\u0105g\u0142ej poprawy stosunku ceny do wydajno\u015bci. W konsekwencji, \u017cyroskopy oparte na MEMS stanowi\u0105 dzi\u015b wyzwanie dla &#8222;podatnych na zu\u017cycie&#8221; rozwi\u0105za\u0144 \u017cyroskop\u00f3w mechanicznych, jak r\u00f3wnie\u017c \u017cyroskop\u00f3w opartych na technologii \u015bwiat\u0142owodowej (FOG). \u017byroskop opracowany przez firm\u0119 KONGSBERG, zoptymalizowany do u\u017cytku w wysokiej klasy produktach Kongsberg Motion Reference Unit (MRU), jest definiuj\u0105cym przyk\u0142adem konstrukcji \u017cyroskop\u00f3w opartych na MEMS, demonstruj\u0105c nowe poziomy wydajno\u015bci tej technologii.<\/p>\n<p>AKCESORIA<br \/>Jednostki MRU mog\u0105 by\u0107 dostarczane z r\u00f3\u017cnorodnymi akcesoriami, takimi jak wsporniki monta\u017cowe MRU, skrzynki przy\u0142\u0105czeniowe, kable i obudowy podwodne. G\u0142\u0119boko\u015b\u0107 znamionowa od 10 do 4000 metr\u00f3w.<\/p>\n<\/div>\n<p><img decoding=\"async\" src=\"\/wp-content\/uploads\/2021\/09\/mru-family.jpg\" alt=\"\"><br \/>\n<img decoding=\"async\" src=\"\/wp-content\/uploads\/2021\/09\/mru4.jpg\" alt=\"\"><br \/>\n<img decoding=\"async\" src=\"\/wp-content\/uploads\/2021\/09\/mru-i-brakett-1.jpg\" alt=\"\"><\/p>\n<div>\n<p>NAJNOWOCZE\u015aNIEJSZE URZ\u0104DZENIA PRODUKCYJNE<br \/>Aby zapewni\u0107 wymagan\u0105 jako\u015b\u0107 i sprosta\u0107 wymaganiom naszych klient\u00f3w, proces produkcyjny jest stale ulepszany. Serwis, kalibracja i weryfikacja jednostek MRU w celu spe\u0142nienia wymaganych specyfikacji s\u0105 istotn\u0105 cz\u0119\u015bci\u0105 tego procesu.<\/p>\n<p>Proces produkcyjny spe\u0142nia wszystkie obowi\u0105zuj\u0105ce normy i jest certyfikowany zgodnie z ISO 9001 i ISO 14001.<\/p>\n<\/div>\n<p><img decoding=\"async\" src=\"\/wp-content\/uploads\/2021\/09\/MRU.jpg\" alt=\"\"><\/p>\n<div>\n<h2>Karty katalogowe<\/h2>\n<\/div>\n<ul>\n<li>\n        <a href=\"https:\/\/www.kongsberg.com\/globalassets\/maritime\/km-products\/product-documents\/mru-2---the-roll-and-pitch-sensor\">MRU 2<\/a>\n    <\/li>\n<li>\n        <a href=\"https:\/\/www.kongsberg.com\/globalassets\/maritime\/km-products\/product-documents\/mru-3---the-heave-roll-and-pitch-motion-sensor\">MRU 3<\/a>\n    <\/li>\n<\/ul>\n<ul>\n<li>\n        <a href=\"https:\/\/www.kongsberg.com\/globalassets\/maritime\/km-products\/product-documents\/mru-h---versatile-heave-compensator\">MRU H<\/a>\n    <\/li>\n<li>\n        <a href=\"https:\/\/www.kongsberg.com\/contentassets\/77678b37b4c94d51bbfd7d8abdf82c73\/datasheet_mrus.pdf\">MRU S<\/a>\n    <\/li>\n<\/ul>\n<ul>\n<li>\n        <a href=\"https:\/\/www.kongsberg.com\/globalassets\/maritime\/km-products\/product-documents\/mru-5---ideal-marine-motion-sensor\">MRU 5<\/a>\n    <\/li>\n<li>\n        <a href=\"file:\/\/\/C:\/Users\/Hydro\/AppData\/Local\/Temp\/MRU%205+%20MK%20II%20-%20The%20Ultimate%20Marine%20Motion%20Sensor.pdf\">MRU 5+ MKII<\/a>\n    <\/li>\n<\/ul>\n<ul>\n<li>\n        <a href=\"https:\/\/www.kongsberg.com\/globalassets\/maritime\/km-products\/product-documents\/mru-d---the-dp-roll-and-pitch-sensor\">MRU D<\/a>\n    <\/li>\n<li>\n        <a href=\"https:\/\/www.kongsberg.com\/globalassets\/maritime\/km-products\/product-documents\/mru-e---the-extented-temperature-motion-sensor\">MRU E<\/a>\n    <\/li>\n<\/ul>\n<p><!--more--><br \/>\n<!-- {\"type\":\"layout\",\"children\":[{\"type\":\"section\",\"props\":{\"style\":\"default\",\"width\":\"default\",\"vertical_align\":\"middle\",\"title_position\":\"top-left\",\"title_rotation\":\"left\",\"title_breakpoint\":\"xl\",\"image_position\":\"center-center\"},\"children\":[{\"type\":\"row\",\"children\":[{\"type\":\"column\",\"props\":{\"image_position\":\"center-center\",\"media_overlay_gradient\":\"\"},\"children\":[{\"type\":\"headline\",\"props\":{\"title_element\":\"h1\",\"content\":\"\n\n<h1 class=\\\"uk-article-title\\\">Czujniki ruchu marki Kongsberg<\\\/h1>\"}},{\"type\":\"divider\",\"props\":{\"divider_element\":\"hr\"}},{\"type\":\"image\",\"props\":{\"margin\":\"default\",\"image_svg_color\":\"emphasis\",\"image\":\"wp-content\\\/uploads\\\/2021\\\/09\\\/mru_family.jpg\"}}]}]}]},{\"type\":\"section\",\"props\":{\"style\":\"default\",\"width\":\"default\",\"vertical_align\":\"middle\",\"title_position\":\"top-left\",\"title_rotation\":\"left\",\"title_breakpoint\":\"xl\",\"image_position\":\"center-center\"},\"children\":[{\"type\":\"row\",\"children\":[{\"type\":\"column\",\"props\":{\"image_position\":\"center-center\",\"media_overlay_gradient\":\"\"},\"children\":[{\"type\":\"text\",\"props\":{\"margin\":\"default\",\"column_breakpoint\":\"m\",\"content\":\"\n\n<h2>Obs\\u0142uga statk\\u00f3w na morzu to z natury rzeczy bardzo wymagaj\\u0105ce zaj\\u0119cie. Aby wykonywa\\u0107 zadania takie jak monitorowanie wysoko\\u015bci fali, u\\u017cywanie d\\u017awig\\u00f3w podczas trudnych warunk\\u00f3w pogodowych lub okre\\u015blanie po\\u0142o\\u017cenia statk\\u00f3w za pomoc\\u0105 dynamicznego pozycjonowania, nale\\u017cy mierzy\\u0107 parametry po\\u0142o\\u017cenia statku. Tu w\\u0142a\\u015bnie wkraczaj\\u0105\\u00a0 czujniki ruchu (MRU).<\\\/h2>\"}},{\"type\":\"text\",\"props\":{\"margin\":\"default\",\"column_breakpoint\":\"m\",\"content\":\"\n\n<p>MRU nadaje si\\u0119 do wszelkich operacji morskich, kt\\u00f3re wymagaj\\u0105 okre\\u015blenia po\\u0142o\\u017cenia i kompensacji ruchu. Gama czujnik\\u00f3w ruchu firmy Kongsberg zapewnia wysok\\u0105 dok\\u0142adno\\u015b\\u0107 pomiar\\u00f3w ruchu we wszystkich \\u015brodowiskach dynamicznych. Obejmuj\\u0105 one wszystkie dzia\\u0142ania morskie, od ma\\u0142ych statk\\u00f3w hydrograficznych po du\\u017ce statki i instalacje.<\\\/p>\\n\n\n<p>TYPOWE ZASTOSOWANIA<br \\\/>Kompensacja ruchu echosond jedno- i wielowi\\u0105zkowych<br \\\/>Pomiary orientacji i po\\u0142o\\u017cenia na pojazdach AUV i ROV<br \\\/>Systemy kontroli i t\\u0142umienia ruchu jednostek szybkich<br \\\/>Kompensacja przechy\\u0142\\u00f3w d\\u017awig\\u00f3w morskich<br \\\/>Pozycjonowanie dynamiczne<br \\\/>Pozycjonowanie hydroakustyczne<br \\\/>Monitorowanie ruchu statk\\u00f3w<br \\\/>Pomiary fal oceanicznych<br \\\/>Kompensacja i stabilizacja ruchu anteny<\\\/p>\\n\n\n<p>WYSOKA NIEZAWODNO\\u015a\\u0106<br \\\/>Zbudowane z p\\u00f3\\u0142przewodnikowych \\u017cyroskop\\u00f3w i akcelerometr\\u00f3w, MRU firmy Kongsberg zapewniaj\\u0105 pomiary ruchu w czasie rzeczywistym z wysok\\u0105 dok\\u0142adno\\u015bci\\u0105 dynamiczn\\u0105. W\\u0142asny, najnowocze\\u015bniejszy projekt, konstrukcja i monta\\u017c zapewniaj\\u0105 niezwykle wysok\\u0105 niezawodno\\u015b\\u0107 MRU w najbardziej wymagaj\\u0105cych \\u015brodowiskach morskich.<\\\/p>\\n\n\n<p>\\u0141\\u0104CZENIE SZTUKI TECHNOLOGII Z APLIKACJAMI MRG<\\\/p>\\n\n\n<p>\\u017byroskopy oparte na systemach mikroelektromechanicznych (MEMS) by\\u0142y wdra\\u017cane w wielu r\\u00f3\\u017cnych odmianach w ci\\u0105gu ostatnich 25 lat, a ci\\u0105g\\u0142e skupienie si\\u0119 na innowacjach i pomys\\u0142owo\\u015bci doprowadzi\\u0142o do ci\\u0105g\\u0142ej poprawy stosunku ceny do wydajno\\u015bci. W konsekwencji, \\u017cyroskopy oparte na MEMS stanowi\\u0105 dzi\\u015b wyzwanie dla \\\"podatnych na zu\\u017cycie\\\" rozwi\\u0105za\\u0144 \\u017cyroskop\\u00f3w mechanicznych, jak r\\u00f3wnie\\u017c \\u017cyroskop\\u00f3w opartych na technologii \\u015bwiat\\u0142owodowej (FOG). \\u017byroskop opracowany przez firm\\u0119 KONGSBERG, zoptymalizowany do u\\u017cytku w wysokiej klasy produktach Kongsberg Motion Reference Unit (MRU), jest definiuj\\u0105cym przyk\\u0142adem konstrukcji \\u017cyroskop\\u00f3w opartych na MEMS, demonstruj\\u0105c nowe poziomy wydajno\\u015bci tej technologii.<\\\/p>\\n\n\n<p>AKCESORIA<br \\\/>Jednostki MRU mog\\u0105 by\\u0107 dostarczane z r\\u00f3\\u017cnorodnymi akcesoriami, takimi jak wsporniki monta\\u017cowe MRU, skrzynki przy\\u0142\\u0105czeniowe, kable i obudowy podwodne. G\\u0142\\u0119boko\\u015b\\u0107 znamionowa od 10 do 4000 metr\\u00f3w.<\\\/p>\"}}]}]}]},{\"type\":\"section\",\"props\":{\"style\":\"default\",\"width\":\"default\",\"vertical_align\":\"middle\",\"title_position\":\"top-left\",\"title_rotation\":\"left\",\"title_breakpoint\":\"xl\",\"image_position\":\"center-center\"},\"children\":[{\"type\":\"row\",\"props\":{\"layout\":\"1-3,1-3,1-3\"},\"children\":[{\"type\":\"column\",\"props\":{\"image_position\":\"center-center\",\"media_overlay_gradient\":\"\",\"width_medium\":\"1-3\"},\"children\":[{\"type\":\"image\",\"props\":{\"margin\":\"default\",\"image_svg_color\":\"emphasis\",\"image\":\"wp-content\\\/uploads\\\/2021\\\/09\\\/mru-family.jpg\"}}]},{\"type\":\"column\",\"props\":{\"image_position\":\"center-center\",\"media_overlay_gradient\":\"\",\"width_medium\":\"1-3\"},\"children\":[{\"type\":\"image\",\"props\":{\"margin\":\"default\",\"image_svg_color\":\"emphasis\",\"image\":\"wp-content\\\/uploads\\\/2021\\\/09\\\/mru4.jpg\"}}]},{\"type\":\"column\",\"props\":{\"image_position\":\"center-center\",\"media_overlay_gradient\":\"\",\"width_medium\":\"1-3\"},\"children\":[{\"type\":\"image\",\"props\":{\"margin\":\"default\",\"image_svg_color\":\"emphasis\",\"image\":\"wp-content\\\/uploads\\\/2021\\\/09\\\/mru-i-brakett-1.jpg\"}}]}]}]},{\"type\":\"section\",\"props\":{\"style\":\"default\",\"width\":\"default\",\"vertical_align\":\"middle\",\"title_position\":\"top-left\",\"title_rotation\":\"left\",\"title_breakpoint\":\"xl\",\"image_position\":\"center-center\"},\"children\":[{\"type\":\"row\",\"children\":[{\"type\":\"column\",\"props\":{\"image_position\":\"center-center\",\"media_overlay_gradient\":\"\"},\"children\":[{\"type\":\"text\",\"props\":{\"margin\":\"default\",\"column_breakpoint\":\"m\",\"content\":\"\n\n<p>NAJNOWOCZE\\u015aNIEJSZE URZ\\u0104DZENIA PRODUKCYJNE<br \\\/>Aby zapewni\\u0107 wymagan\\u0105 jako\\u015b\\u0107 i sprosta\\u0107 wymaganiom naszych klient\\u00f3w, proces produkcyjny jest stale ulepszany. Serwis, kalibracja i weryfikacja jednostek MRU w celu spe\\u0142nienia wymaganych specyfikacji s\\u0105 istotn\\u0105 cz\\u0119\\u015bci\\u0105 tego procesu.<\\\/p>\\n\n\n<p>Proces produkcyjny spe\\u0142nia wszystkie obowi\\u0105zuj\\u0105ce normy i jest certyfikowany zgodnie z ISO 9001 i ISO 14001.<\\\/p>\"}},{\"type\":\"image\",\"props\":{\"margin\":\"default\",\"image_svg_color\":\"emphasis\",\"image\":\"wp-content\\\/uploads\\\/2021\\\/09\\\/MRU.jpg\",\"text_align\":\"center\"}}]}]}]},{\"type\":\"section\",\"props\":{\"style\":\"default\",\"width\":\"default\",\"vertical_align\":\"middle\",\"title_position\":\"top-left\",\"title_rotation\":\"left\",\"title_breakpoint\":\"xl\",\"image_position\":\"center-center\"},\"children\":[{\"type\":\"row\",\"children\":[{\"type\":\"column\",\"props\":{\"image_position\":\"center-center\",\"media_overlay_gradient\":\"\"},\"children\":[{\"type\":\"text\",\"props\":{\"margin\":\"default\",\"column_breakpoint\":\"m\",\"content\":\"\n\n<h2>Karty katalogowe<\\\/h2>\"}}]}]}]},{\"type\":\"section\",\"props\":{\"style\":\"default\",\"width\":\"default\",\"vertical_align\":\"middle\",\"title_position\":\"top-left\",\"title_rotation\":\"left\",\"title_breakpoint\":\"xl\",\"image_position\":\"center-center\"},\"children\":[{\"type\":\"row\",\"props\":{\"layout\":\"1-3,1-3,1-3\"},\"children\":[{\"type\":\"column\",\"props\":{\"image_position\":\"center-center\",\"media_overlay_gradient\":\"\",\"width_medium\":\"1-3\"},\"children\":[{\"type\":\"button\",\"props\":{\"grid_column_gap\":\"small\",\"grid_row_gap\":\"small\",\"margin\":\"default\"},\"children\":[{\"type\":\"button_item\",\"props\":{\"button_style\":\"default\",\"icon_align\":\"left\",\"content\":\"MRU 2\",\"link\":\"https:\\\/\\\/www.kongsberg.com\\\/globalassets\\\/maritime\\\/km-products\\\/product-documents\\\/mru-2---the-roll-and-pitch-sensor\"}},{\"type\":\"button_item\",\"props\":{\"button_style\":\"default\",\"icon_align\":\"left\",\"content\":\"MRU 3\",\"link\":\"https:\\\/\\\/www.kongsberg.com\\\/globalassets\\\/maritime\\\/km-products\\\/product-documents\\\/mru-3---the-heave-roll-and-pitch-motion-sensor\"}}]},{\"type\":\"button\",\"props\":{\"grid_column_gap\":\"small\",\"grid_row_gap\":\"small\",\"margin\":\"default\"},\"children\":[{\"type\":\"button_item\",\"props\":{\"button_style\":\"default\",\"icon_align\":\"left\",\"content\":\"MRU H\",\"link\":\"https:\\\/\\\/www.kongsberg.com\\\/globalassets\\\/maritime\\\/km-products\\\/product-documents\\\/mru-h---versatile-heave-compensator\"}},{\"type\":\"button_item\",\"props\":{\"button_style\":\"default\",\"icon_align\":\"left\",\"content\":\"MRU S\",\"link\":\"https:\\\/\\\/www.kongsberg.com\\\/contentassets\\\/77678b37b4c94d51bbfd7d8abdf82c73\\\/datasheet_mrus.pdf\"}}]}]},{\"type\":\"column\",\"props\":{\"image_position\":\"center-center\",\"media_overlay_gradient\":\"\",\"width_medium\":\"1-3\"},\"children\":[{\"type\":\"button\",\"props\":{\"grid_column_gap\":\"small\",\"grid_row_gap\":\"small\",\"margin\":\"default\"},\"children\":[{\"type\":\"button_item\",\"props\":{\"button_style\":\"default\",\"icon_align\":\"left\",\"content\":\"MRU 5\",\"link\":\"https:\\\/\\\/www.kongsberg.com\\\/globalassets\\\/maritime\\\/km-products\\\/product-documents\\\/mru-5---ideal-marine-motion-sensor\"}},{\"type\":\"button_item\",\"props\":{\"button_style\":\"default\",\"icon_align\":\"left\",\"content\":\"MRU 5+ MKII\",\"link\":\"file:\\\/\\\/\\\/C:\\\/Users\\\/Hydro\\\/AppData\\\/Local\\\/Temp\\\/MRU%205+%20MK%20II%20-%20The%20Ultimate%20Marine%20Motion%20Sensor.pdf\"}}]}]},{\"type\":\"column\",\"props\":{\"image_position\":\"center-center\",\"media_overlay_gradient\":\"\",\"width_medium\":\"1-3\"},\"children\":[{\"type\":\"button\",\"props\":{\"grid_column_gap\":\"small\",\"grid_row_gap\":\"small\",\"margin\":\"default\"},\"children\":[{\"type\":\"button_item\",\"props\":{\"button_style\":\"default\",\"icon_align\":\"left\",\"link\":\"https:\\\/\\\/www.kongsberg.com\\\/globalassets\\\/maritime\\\/km-products\\\/product-documents\\\/mru-d---the-dp-roll-and-pitch-sensor\",\"content\":\"MRU D\"}},{\"type\":\"button_item\",\"props\":{\"button_style\":\"default\",\"icon_align\":\"left\",\"link\":\"https:\\\/\\\/www.kongsberg.com\\\/globalassets\\\/maritime\\\/km-products\\\/product-documents\\\/mru-e---the-extented-temperature-motion-sensor\",\"content\":\"MRU E\"}}]}]}]}]}],\"version\":\"2.4.14\"} --><\/p>\n","protected":false},"excerpt":{"rendered":"<p>Czujniki ruchu marki Kongsberg Obs\u0142uga statk\u00f3w na morzu to z natury rzeczy bardzo wymagaj\u0105ce zaj\u0119cie. Aby wykonywa\u0107 zadania takie jak monitorowanie wysoko\u015bci fali, u\u017cywanie d\u017awig\u00f3w podczas trudnych warunk\u00f3w pogodowych lub okre\u015blanie po\u0142o\u017cenia statk\u00f3w za pomoc\u0105 dynamicznego pozycjonowania, nale\u017cy mierzy\u0107 parametry po\u0142o\u017cenia statku. Tu w\u0142a\u015bnie wkraczaj\u0105\u00a0 czujniki ruchu (MRU). MRU nadaje si\u0119 do wszelkich operacji morskich, [&hellip;]<\/p>\n","protected":false},"author":10,"featured_media":0,"parent":0,"menu_order":0,"comment_status":"closed","ping_status":"closed","template":"","meta":{"footnotes":""},"class_list":["post-9607","page","type-page","status-publish","hentry"],"yoast_head":"<!-- This site is optimized with the Yoast SEO plugin v27.5 - https:\/\/yoast.com\/product\/yoast-seo-wordpress\/ -->\n<title>Czujniki ruchu marki Kongsberg - ESCORT TECHNOLOGY<\/title>\n<meta name=\"robots\" content=\"index, follow, max-snippet:-1, max-image-preview:large, max-video-preview:-1\" \/>\n<link rel=\"canonical\" href=\"https:\/\/escort-technology.com\/pl\/czujniki-ruchu-marki-kongsberg\/\" \/>\n<meta property=\"og:locale\" content=\"pl_PL\" \/>\n<meta property=\"og:type\" content=\"article\" \/>\n<meta property=\"og:title\" content=\"Czujniki ruchu marki Kongsberg - ESCORT TECHNOLOGY\" \/>\n<meta property=\"og:description\" content=\"Czujniki ruchu marki Kongsberg Obs\u0142uga statk\u00f3w na morzu to z natury rzeczy bardzo wymagaj\u0105ce zaj\u0119cie. Aby wykonywa\u0107 zadania takie jak monitorowanie wysoko\u015bci fali, u\u017cywanie d\u017awig\u00f3w podczas trudnych warunk\u00f3w pogodowych lub okre\u015blanie po\u0142o\u017cenia statk\u00f3w za pomoc\u0105 dynamicznego pozycjonowania, nale\u017cy mierzy\u0107 parametry po\u0142o\u017cenia statku. Tu w\u0142a\u015bnie wkraczaj\u0105\u00a0 czujniki ruchu (MRU). MRU nadaje si\u0119 do wszelkich operacji morskich, [&hellip;]\" \/>\n<meta property=\"og:url\" content=\"https:\/\/escort-technology.com\/pl\/czujniki-ruchu-marki-kongsberg\/\" \/>\n<meta property=\"og:site_name\" content=\"ESCORT TECHNOLOGY\" \/>\n<meta property=\"article:publisher\" content=\"https:\/\/www.facebook.com\/elektronika.morska\/\" \/>\n<meta property=\"article:modified_time\" content=\"2021-09-10T08:54:09+00:00\" \/>\n<meta property=\"og:image\" content=\"https:\/\/escort-technology.com\/wp-content\/uploads\/2021\/09\/mru_family.jpg\" \/>\n<meta name=\"twitter:card\" content=\"summary_large_image\" \/>\n<meta name=\"twitter:label1\" content=\"Szacowany czas czytania\" \/>\n\t<meta name=\"twitter:data1\" content=\"2 minuty\" \/>\n<script type=\"application\/ld+json\" class=\"yoast-schema-graph\">{\"@context\":\"https:\\\/\\\/schema.org\",\"@graph\":[{\"@type\":\"WebPage\",\"@id\":\"https:\\\/\\\/escort-technology.com\\\/pl\\\/czujniki-ruchu-marki-kongsberg\\\/\",\"url\":\"https:\\\/\\\/escort-technology.com\\\/pl\\\/czujniki-ruchu-marki-kongsberg\\\/\",\"name\":\"Czujniki ruchu marki Kongsberg - ESCORT TECHNOLOGY\",\"isPartOf\":{\"@id\":\"http:\\\/\\\/escort-technology.com\\\/de\\\/#website\"},\"datePublished\":\"2021-09-07T09:40:36+00:00\",\"dateModified\":\"2021-09-10T08:54:09+00:00\",\"breadcrumb\":{\"@id\":\"https:\\\/\\\/escort-technology.com\\\/pl\\\/czujniki-ruchu-marki-kongsberg\\\/#breadcrumb\"},\"inLanguage\":\"pl-PL\",\"potentialAction\":[{\"@type\":\"ReadAction\",\"target\":[\"https:\\\/\\\/escort-technology.com\\\/pl\\\/czujniki-ruchu-marki-kongsberg\\\/\"]}]},{\"@type\":\"BreadcrumbList\",\"@id\":\"https:\\\/\\\/escort-technology.com\\\/pl\\\/czujniki-ruchu-marki-kongsberg\\\/#breadcrumb\",\"itemListElement\":[{\"@type\":\"ListItem\",\"position\":1,\"name\":\"Strona g\u0142\u00f3wna\",\"item\":\"https:\\\/\\\/escort-technology.com\\\/\"},{\"@type\":\"ListItem\",\"position\":2,\"name\":\"Czujniki ruchu marki Kongsberg\"}]},{\"@type\":\"WebSite\",\"@id\":\"http:\\\/\\\/escort-technology.com\\\/de\\\/#website\",\"url\":\"http:\\\/\\\/escort-technology.com\\\/de\\\/\",\"name\":\"ESCORT TECHNOLOGY\",\"description\":\"Elektronika morska i l\u0105dowa\",\"publisher\":{\"@id\":\"http:\\\/\\\/escort-technology.com\\\/de\\\/#organization\"},\"potentialAction\":[{\"@type\":\"SearchAction\",\"target\":{\"@type\":\"EntryPoint\",\"urlTemplate\":\"http:\\\/\\\/escort-technology.com\\\/de\\\/?s={search_term_string}\"},\"query-input\":{\"@type\":\"PropertyValueSpecification\",\"valueRequired\":true,\"valueName\":\"search_term_string\"}}],\"inLanguage\":\"pl-PL\"},{\"@type\":\"Organization\",\"@id\":\"http:\\\/\\\/escort-technology.com\\\/de\\\/#organization\",\"name\":\"ESCORT TECHNOLOGY\",\"url\":\"http:\\\/\\\/escort-technology.com\\\/de\\\/\",\"logo\":{\"@type\":\"ImageObject\",\"inLanguage\":\"pl-PL\",\"@id\":\"http:\\\/\\\/escort-technology.com\\\/de\\\/#\\\/schema\\\/logo\\\/image\\\/\",\"url\":\"https:\\\/\\\/escort-technology.com\\\/wp-content\\\/uploads\\\/logo-1.jpg\",\"contentUrl\":\"https:\\\/\\\/escort-technology.com\\\/wp-content\\\/uploads\\\/logo-1.jpg\",\"width\":600,\"height\":165,\"caption\":\"ESCORT TECHNOLOGY\"},\"image\":{\"@id\":\"http:\\\/\\\/escort-technology.com\\\/de\\\/#\\\/schema\\\/logo\\\/image\\\/\"},\"sameAs\":[\"https:\\\/\\\/www.facebook.com\\\/elektronika.morska\\\/\",\"https:\\\/\\\/www.linkedin.com\\\/company\\\/escort-sp-z-o-o-\\\/\"]}]}<\/script>\n<!-- \/ Yoast SEO plugin. -->","yoast_head_json":{"title":"Czujniki ruchu marki Kongsberg - ESCORT TECHNOLOGY","robots":{"index":"index","follow":"follow","max-snippet":"max-snippet:-1","max-image-preview":"max-image-preview:large","max-video-preview":"max-video-preview:-1"},"canonical":"https:\/\/escort-technology.com\/pl\/czujniki-ruchu-marki-kongsberg\/","og_locale":"pl_PL","og_type":"article","og_title":"Czujniki ruchu marki Kongsberg - ESCORT TECHNOLOGY","og_description":"Czujniki ruchu marki Kongsberg Obs\u0142uga statk\u00f3w na morzu to z natury rzeczy bardzo wymagaj\u0105ce zaj\u0119cie. Aby wykonywa\u0107 zadania takie jak monitorowanie wysoko\u015bci fali, u\u017cywanie d\u017awig\u00f3w podczas trudnych warunk\u00f3w pogodowych lub okre\u015blanie po\u0142o\u017cenia statk\u00f3w za pomoc\u0105 dynamicznego pozycjonowania, nale\u017cy mierzy\u0107 parametry po\u0142o\u017cenia statku. Tu w\u0142a\u015bnie wkraczaj\u0105\u00a0 czujniki ruchu (MRU). MRU nadaje si\u0119 do wszelkich operacji morskich, [&hellip;]","og_url":"https:\/\/escort-technology.com\/pl\/czujniki-ruchu-marki-kongsberg\/","og_site_name":"ESCORT TECHNOLOGY","article_publisher":"https:\/\/www.facebook.com\/elektronika.morska\/","article_modified_time":"2021-09-10T08:54:09+00:00","og_image":[{"url":"https:\/\/escort-technology.com\/wp-content\/uploads\/2021\/09\/mru_family.jpg","type":"","width":"","height":""}],"twitter_card":"summary_large_image","twitter_misc":{"Szacowany czas czytania":"2 minuty"},"schema":{"@context":"https:\/\/schema.org","@graph":[{"@type":"WebPage","@id":"https:\/\/escort-technology.com\/pl\/czujniki-ruchu-marki-kongsberg\/","url":"https:\/\/escort-technology.com\/pl\/czujniki-ruchu-marki-kongsberg\/","name":"Czujniki ruchu marki Kongsberg - ESCORT TECHNOLOGY","isPartOf":{"@id":"http:\/\/escort-technology.com\/de\/#website"},"datePublished":"2021-09-07T09:40:36+00:00","dateModified":"2021-09-10T08:54:09+00:00","breadcrumb":{"@id":"https:\/\/escort-technology.com\/pl\/czujniki-ruchu-marki-kongsberg\/#breadcrumb"},"inLanguage":"pl-PL","potentialAction":[{"@type":"ReadAction","target":["https:\/\/escort-technology.com\/pl\/czujniki-ruchu-marki-kongsberg\/"]}]},{"@type":"BreadcrumbList","@id":"https:\/\/escort-technology.com\/pl\/czujniki-ruchu-marki-kongsberg\/#breadcrumb","itemListElement":[{"@type":"ListItem","position":1,"name":"Strona g\u0142\u00f3wna","item":"https:\/\/escort-technology.com\/"},{"@type":"ListItem","position":2,"name":"Czujniki ruchu marki Kongsberg"}]},{"@type":"WebSite","@id":"http:\/\/escort-technology.com\/de\/#website","url":"http:\/\/escort-technology.com\/de\/","name":"ESCORT TECHNOLOGY","description":"Elektronika morska i l\u0105dowa","publisher":{"@id":"http:\/\/escort-technology.com\/de\/#organization"},"potentialAction":[{"@type":"SearchAction","target":{"@type":"EntryPoint","urlTemplate":"http:\/\/escort-technology.com\/de\/?s={search_term_string}"},"query-input":{"@type":"PropertyValueSpecification","valueRequired":true,"valueName":"search_term_string"}}],"inLanguage":"pl-PL"},{"@type":"Organization","@id":"http:\/\/escort-technology.com\/de\/#organization","name":"ESCORT TECHNOLOGY","url":"http:\/\/escort-technology.com\/de\/","logo":{"@type":"ImageObject","inLanguage":"pl-PL","@id":"http:\/\/escort-technology.com\/de\/#\/schema\/logo\/image\/","url":"https:\/\/escort-technology.com\/wp-content\/uploads\/logo-1.jpg","contentUrl":"https:\/\/escort-technology.com\/wp-content\/uploads\/logo-1.jpg","width":600,"height":165,"caption":"ESCORT TECHNOLOGY"},"image":{"@id":"http:\/\/escort-technology.com\/de\/#\/schema\/logo\/image\/"},"sameAs":["https:\/\/www.facebook.com\/elektronika.morska\/","https:\/\/www.linkedin.com\/company\/escort-sp-z-o-o-\/"]}]}},"_links":{"self":[{"href":"https:\/\/escort-technology.com\/pl\/wp-json\/wp\/v2\/pages\/9607","targetHints":{"allow":["GET"]}}],"collection":[{"href":"https:\/\/escort-technology.com\/pl\/wp-json\/wp\/v2\/pages"}],"about":[{"href":"https:\/\/escort-technology.com\/pl\/wp-json\/wp\/v2\/types\/page"}],"author":[{"embeddable":true,"href":"https:\/\/escort-technology.com\/pl\/wp-json\/wp\/v2\/users\/10"}],"replies":[{"embeddable":true,"href":"https:\/\/escort-technology.com\/pl\/wp-json\/wp\/v2\/comments?post=9607"}],"version-history":[{"count":13,"href":"https:\/\/escort-technology.com\/pl\/wp-json\/wp\/v2\/pages\/9607\/revisions"}],"predecessor-version":[{"id":9627,"href":"https:\/\/escort-technology.com\/pl\/wp-json\/wp\/v2\/pages\/9607\/revisions\/9627"}],"wp:attachment":[{"href":"https:\/\/escort-technology.com\/pl\/wp-json\/wp\/v2\/media?parent=9607"}],"curies":[{"name":"wp","href":"https:\/\/api.w.org\/{rel}","templated":true}]}}