{"id":9643,"date":"2021-09-22T10:36:35","date_gmt":"2021-09-22T08:36:35","guid":{"rendered":"https:\/\/escort-technology.com\/?page_id=9643"},"modified":"2021-09-22T14:25:47","modified_gmt":"2021-09-22T12:25:47","slug":"pojazd-podwodny-rov-subsea-tech-mini-rov-observer","status":"publish","type":"page","link":"https:\/\/escort-technology.com\/pl\/pojazd-podwodny-rov-subsea-tech-mini-rov-observer\/","title":{"rendered":"Pojazd podwodny ROV Subsea Tech Mini-ROV Observer"},"content":{"rendered":"<h1>Pojazd podwodny ROV Subsea Tech Mini-ROV Observer<\/h1>\n<hr>\n<p><img decoding=\"async\" src=\"\/wp-content\/uploads\/2021\/09\/Observer-sur-serviette-subseatech-scaled.jpg\" alt=\"\"><\/p>\n<div>\n<p>Observer Mini-ROV to lekki i kompaktowy podwodny robot inspekcyjny wyposa\u017cony w kolorowe kamery wideo o wysokiej rozdzielczo\u015bci oraz o\u015bwietlenie LED. Wbudowane baterie pozwalaj\u0105 na 4-godzinn\u0105 autonomi\u0119 pracy w najbardziej odleg\u0142ych miejscach do g\u0142\u0119boko\u015bci 150 m. Dzi\u0119ki dodatkowej wtyczce mo\u017cna \u0142atwo zamontowa\u0107 na Observerze r\u00f3\u017cne akcesoria, takie jak sonary, mierniki i manipulatory. Niewielkie wymiary i niska waga sprawiaj\u0105, \u017ce Observer jest bardzo zwrotnym narz\u0119dziem, szybko i \u0142atwo wdra\u017canym przez jednego operatora.<\/p>\n<\/div>\n<p><img decoding=\"async\" src=\"\/wp-content\/uploads\/2021\/09\/Mini-ROV_Bras_1.jpg\" alt=\"\"><\/p>\n<div>\n<h3>Manipulatory i pr\u00f3bniki<\/h3>\n<p>Firma Subsea Tech opracowa\u0142a w\u0142asne akcesoria dla Mini-ROV. W\u015br\u00f3d nich znajduje si\u0119 2-funkcyjny manipulator umo\u017cliwiaj\u0105cy chwytanie przedmiot\u00f3w, przecinak do ci\u0119cia kabli i lin, a tak\u017ce pr\u00f3bniki wody lub osad\u00f3w.<\/p>\n<\/p>\n<\/p>\n<\/p>\n<\/p>\n<\/div>\n<p><img decoding=\"async\" src=\"\/wp-content\/uploads\/2021\/09\/Mini-ROV_Sonar_1.jpg\" alt=\"\"><\/p>\n<div>\n<h3>Sonary<\/h3>\n<p>Du\u017ce zm\u0119tnienie nie pozwala na u\u017cycie standardowej kamery wideo. Rozwi\u0105zania akustyczne pozwalaj\u0105 na obrazowanie nawet w warunkach zerowej widoczno\u015bci. Sonar skanuj\u0105cy umo\u017cliwia skanowanie strefy w celach nawigacyjnych, natomiast sonar wielowi\u0105zkowy 2D, zwany r\u00f3wnie\u017c &#8222;kamer\u0105 akustyczn\u0105&#8221;, jest wysokowydajnym rozwi\u0105zaniem do obrazowania w czasie rzeczywistym.<\/p>\n<p>Wi\u0119cej o sonarach: <a href=\"https:\/\/www.subsea-tech.com\/blueprint-subsea\/#oculus\">BluePrint Subsea sonars<\/a> \u2013 <a href=\"https:\/\/www.subsea-tech.com\/teledyne-blueview\/#bv2d\">Teledyne BlueView sonars<\/a><\/p>\n<\/div>\n<p><img decoding=\"async\" src=\"\/wp-content\/uploads\/2021\/09\/Mini-ROV_Sondes_2.jpg\" alt=\"\"><\/p>\n<div>\n<h3>Pozycjonowanie akustyczne<\/h3>\n<p>Systemy USBL (Ultra-Short Baseline) umo\u017cliwiaj\u0105 lokalizacj\u0119 celu wzgl\u0119dem jednostki referencyjnej na powierzchni. W ten spos\u00f3b mo\u017cna \u0142atwo zlokalizowa\u0107 i zarejestrowa\u0107 tras\u0119 obserwatora Mini-ROV Observer, co u\u0142atwia nawigacj\u0119 i zwi\u0119ksza efektywno\u015b\u0107 wypraw.<\/p>\n<p><span>Wi\u0119cej informacji:\u00a0<\/span><a href=\"https:\/\/www.subsea-tech.com\/blueprint-subsea\/#seatrac\">BluePrint Subsea USBL<\/a><\/p>\n<\/div>\n<p><img decoding=\"async\" src=\"\/wp-content\/uploads\/2021\/09\/Mini-ROV_Sondes_1.jpg\" alt=\"\"><\/p>\n<div>\n<h3>Sondy pomiarowe<\/h3>\n<p>Mini-ROV Subsea Tech mog\u0105 by\u0107 wyposa\u017cone w r\u00f3\u017cne sondy takie jak: sonda do pomiaru grubo\u015bci, sonda do pomiaru ochrony katodowej lub kilka sond fizyko-chemicznych (zasolenie, przewodno\u015b\u0107, pH, itp.).<\/p>\n<p><span>Wi\u0119cej informacji:\u00a0<\/span><a href=\"https:\/\/www.subsea-tech.com\/cygnus-instruments\/#produits\">Cygnus thickness measurement<\/a><span>\u00a0\u2013\u00a0<\/span><a href=\"https:\/\/www.subsea-tech.com\/buckleys-uvral-ltd\/#produits\">Buckleys CP Probe<\/a><\/p>\n<\/div>\n<p><img decoding=\"async\" src=\"\/wp-content\/uploads\/2021\/09\/Mini-ROV_Laser.jpg\" alt=\"\"><\/p>\n<div>\n<h3>Wska\u017anik laserowy<\/h3>\n<p>Po\u0142\u0105czenie wska\u017anika laserowego Subsea Tech i oprogramowania Inspection Viewer to kompletne rozwi\u0105zanie do pomiaru wszelkiego rodzaju odleg\u0142o\u015bci na obrazach przechwytywanych przez ROV.<\/p>\n<\/div>\n<p><img decoding=\"async\" src=\"\/wp-content\/uploads\/2021\/09\/Mini-ROV_Enrouleur-1.jpg\" alt=\"\"><\/p>\n<div>\n<h3>B\u0119ben z kablolin\u0105<\/h3>\n<p>\u0141atwe zwijanie i rozwijanie kabloliny Mini-ROV za pomoc\u0105 tej r\u0119cznej wci\u0105garki wyposa\u017conej w pier\u015bcie\u0144 \u015blizgowy.<\/p>\n<\/div>\n<p><img decoding=\"async\" src=\"\/wp-content\/uploads\/2021\/09\/Mini-ROV_Cadre_roulette.jpg\" alt=\"\"><\/p>\n<div>\n<h3>Obramowanie<\/h3>\n<p>Je\u015bli przeprowadzasz inspekcje rur, obramowanie pomaga ograniczy\u0107 ryzyko tarcia o \u015bcianki.<\/p>\n<\/div>\n<p><img decoding=\"async\" src=\"\/wp-content\/uploads\/2021\/09\/Mini-ROV_LYYN.jpg\" alt=\"\"><\/p>\n<div>\n<h3>Poprawa jako\u015bci obrazu<\/h3>\n<p>Zwi\u0119ksz jako\u015b\u0107 swoich inspekcji dzi\u0119ki systemowi poprawy obrazu w czasie rzeczywistym LYYN Hawk Board, zintegrowanemu bezpo\u015brednio z konsol\u0105.<\/p>\n<\/div>\n<p>\n    <a href=\"\/wp-content\/uploads\/2021\/09\/Brochure-Mini-ROV-Observer-EN.pdf\">Karta katalogowa <\/a>\n<\/p>\n<p><!--more--><br \/>\n<!-- {\"type\":\"layout\",\"children\":[{\"type\":\"section\",\"props\":{\"style\":\"default\",\"width\":\"default\",\"vertical_align\":\"middle\",\"title_position\":\"top-left\",\"title_rotation\":\"left\",\"title_breakpoint\":\"xl\",\"image_position\":\"center-center\"},\"children\":[{\"type\":\"row\",\"children\":[{\"type\":\"column\",\"props\":{\"image_position\":\"center-center\",\"media_overlay_gradient\":\"\"},\"children\":[{\"type\":\"headline\",\"props\":{\"title_element\":\"h1\",\"content\":\"Pojazd podwodny ROV Subsea Tech Mini-ROV Observer\"}},{\"type\":\"divider\",\"props\":{\"divider_element\":\"hr\"}}]}]}]},{\"type\":\"section\",\"props\":{\"style\":\"default\",\"width\":\"default\",\"vertical_align\":\"middle\",\"title_position\":\"top-left\",\"title_rotation\":\"left\",\"title_breakpoint\":\"xl\",\"image_position\":\"center-center\"},\"children\":[{\"type\":\"row\",\"children\":[{\"type\":\"column\",\"props\":{\"image_position\":\"center-center\",\"media_overlay_gradient\":\"\"},\"children\":[{\"type\":\"image\",\"props\":{\"margin\":\"default\",\"image_svg_color\":\"emphasis\",\"image\":\"wp-content\\\/uploads\\\/2021\\\/09\\\/Observer-sur-serviette-subseatech-scaled.jpg\",\"text_align\":\"center\"}},{\"type\":\"text\",\"props\":{\"margin\":\"default\",\"column_breakpoint\":\"m\",\"content\":\"\n\n<p>Observer Mini-ROV to lekki i kompaktowy podwodny robot inspekcyjny wyposa\\u017cony w kolorowe kamery wideo o wysokiej rozdzielczo\\u015bci oraz o\\u015bwietlenie LED. Wbudowane baterie pozwalaj\\u0105 na 4-godzinn\\u0105 autonomi\\u0119 pracy w najbardziej odleg\\u0142ych miejscach do g\\u0142\\u0119boko\\u015bci 150 m. Dzi\\u0119ki dodatkowej wtyczce mo\\u017cna \\u0142atwo zamontowa\\u0107 na Observerze r\\u00f3\\u017cne akcesoria, takie jak sonary, mierniki i manipulatory. Niewielkie wymiary i niska waga sprawiaj\\u0105, \\u017ce Observer jest bardzo zwrotnym narz\\u0119dziem, szybko i \\u0142atwo wdra\\u017canym przez jednego operatora.<\\\/p>\"}}]}]}]},{\"type\":\"section\",\"props\":{\"style\":\"default\",\"width\":\"default\",\"vertical_align\":\"middle\",\"title_position\":\"top-left\",\"title_rotation\":\"left\",\"title_breakpoint\":\"xl\",\"image_position\":\"center-center\"},\"children\":[{\"type\":\"row\",\"props\":{\"layout\":\"1-3,2-3\"},\"children\":[{\"type\":\"column\",\"props\":{\"image_position\":\"center-center\",\"media_overlay_gradient\":\"\",\"width_medium\":\"1-3\"},\"children\":[{\"type\":\"image\",\"props\":{\"margin\":\"default\",\"image_svg_color\":\"emphasis\",\"image\":\"wp-content\\\/uploads\\\/2021\\\/09\\\/Mini-ROV_Bras_1.jpg\"}}]},{\"type\":\"column\",\"props\":{\"image_position\":\"center-center\",\"media_overlay_gradient\":\"\",\"width_medium\":\"2-3\"},\"children\":[{\"type\":\"text\",\"props\":{\"margin\":\"default\",\"column_breakpoint\":\"m\",\"content\":\"\n\n<h3>Manipulatory i pr\\u00f3bniki<\\\/h3>\\n\n\n<p>Firma Subsea Tech opracowa\\u0142a w\\u0142asne akcesoria dla Mini-ROV. W\\u015br\\u00f3d nich znajduje si\\u0119 2-funkcyjny manipulator umo\\u017cliwiaj\\u0105cy chwytanie przedmiot\\u00f3w, przecinak do ci\\u0119cia kabli i lin, a tak\\u017ce pr\\u00f3bniki wody lub osad\\u00f3w.<\\\/p>\\n\n\n<p><\\\/p>\\n\n\n<p><\\\/p>\\n\n\n<p><\\\/p>\\n\n\n<p><\\\/p>\\n\n\n<p><\\\/p>\\n\n\n<p><\\\/p>\\n\n\n<p><\\\/p>\\n\n\n<p><\\\/p>\"}}]}]}]},{\"type\":\"section\",\"props\":{\"style\":\"default\",\"width\":\"default\",\"vertical_align\":\"middle\",\"title_position\":\"top-left\",\"title_rotation\":\"left\",\"title_breakpoint\":\"xl\",\"image_position\":\"center-center\"},\"children\":[{\"type\":\"row\",\"props\":{\"layout\":\"1-3,2-3\"},\"children\":[{\"type\":\"column\",\"props\":{\"image_position\":\"center-center\",\"media_overlay_gradient\":\"\",\"width_medium\":\"1-3\"},\"children\":[{\"type\":\"image\",\"props\":{\"margin\":\"default\",\"image_svg_color\":\"emphasis\",\"image\":\"wp-content\\\/uploads\\\/2021\\\/09\\\/Mini-ROV_Sonar_1.jpg\"}}]},{\"type\":\"column\",\"props\":{\"image_position\":\"center-center\",\"media_overlay_gradient\":\"\",\"width_medium\":\"2-3\"},\"children\":[{\"type\":\"text\",\"props\":{\"margin\":\"default\",\"column_breakpoint\":\"m\",\"content\":\"\n\n<h3>Sonary<\\\/h3>\\n\n\n<p>Du\\u017ce zm\\u0119tnienie nie pozwala na u\\u017cycie standardowej kamery wideo. Rozwi\\u0105zania akustyczne pozwalaj\\u0105 na obrazowanie nawet w warunkach zerowej widoczno\\u015bci. Sonar skanuj\\u0105cy umo\\u017cliwia skanowanie strefy w celach nawigacyjnych, natomiast sonar wielowi\\u0105zkowy 2D, zwany r\\u00f3wnie\\u017c \\\"kamer\\u0105 akustyczn\\u0105\\\", jest wysokowydajnym rozwi\\u0105zaniem do obrazowania w czasie rzeczywistym.<\\\/p>\\n\n\n<p>Wi\\u0119cej o sonarach: <a href=\\\"https:\\\/\\\/www.subsea-tech.com\\\/blueprint-subsea\\\/#oculus\\\">BluePrint Subsea sonars<\\\/a> \\u2013 <a href=\\\"https:\\\/\\\/www.subsea-tech.com\\\/teledyne-blueview\\\/#bv2d\\\">Teledyne BlueView sonars<\\\/a><\\\/p>\"}}]}]}]},{\"type\":\"section\",\"props\":{\"style\":\"default\",\"width\":\"default\",\"vertical_align\":\"middle\",\"title_position\":\"top-left\",\"title_rotation\":\"left\",\"title_breakpoint\":\"xl\",\"image_position\":\"center-center\"},\"children\":[{\"type\":\"row\",\"props\":{\"layout\":\"1-3,2-3\"},\"children\":[{\"type\":\"column\",\"props\":{\"image_position\":\"center-center\",\"media_overlay_gradient\":\"\",\"width_medium\":\"1-3\"},\"children\":[{\"type\":\"image\",\"props\":{\"margin\":\"default\",\"image_svg_color\":\"emphasis\",\"image\":\"wp-content\\\/uploads\\\/2021\\\/09\\\/Mini-ROV_Sondes_2.jpg\"}}]},{\"type\":\"column\",\"props\":{\"image_position\":\"center-center\",\"media_overlay_gradient\":\"\",\"width_medium\":\"2-3\"},\"children\":[{\"type\":\"text\",\"props\":{\"margin\":\"default\",\"column_breakpoint\":\"m\",\"content\":\"\n\n<h3>Pozycjonowanie akustyczne<\\\/h3>\\n\n\n<p><br \\\/>Systemy USBL (Ultra-Short Baseline) umo\\u017cliwiaj\\u0105 lokalizacj\\u0119 celu wzgl\\u0119dem jednostki referencyjnej na powierzchni. W ten spos\\u00f3b mo\\u017cna \\u0142atwo zlokalizowa\\u0107 i zarejestrowa\\u0107 tras\\u0119 obserwatora Mini-ROV Observer, co u\\u0142atwia nawigacj\\u0119 i zwi\\u0119ksza efektywno\\u015b\\u0107 wypraw.<\\\/p>\\n\n\n<p><span>Wi\\u0119cej informacji:\\u00a0<\\\/span><a href=\\\"https:\\\/\\\/www.subsea-tech.com\\\/blueprint-subsea\\\/#seatrac\\\">BluePrint Subsea USBL<\\\/a><\\\/p>\"}}]}]}]},{\"type\":\"section\",\"props\":{\"style\":\"default\",\"width\":\"default\",\"vertical_align\":\"middle\",\"title_position\":\"top-left\",\"title_rotation\":\"left\",\"title_breakpoint\":\"xl\",\"image_position\":\"center-center\"},\"children\":[{\"type\":\"row\",\"props\":{\"layout\":\"1-3,2-3\"},\"children\":[{\"type\":\"column\",\"props\":{\"image_position\":\"center-center\",\"media_overlay_gradient\":\"\",\"width_medium\":\"1-3\"},\"children\":[{\"type\":\"image\",\"props\":{\"margin\":\"default\",\"image_svg_color\":\"emphasis\",\"image\":\"wp-content\\\/uploads\\\/2021\\\/09\\\/Mini-ROV_Sondes_1.jpg\"}}]},{\"type\":\"column\",\"props\":{\"image_position\":\"center-center\",\"media_overlay_gradient\":\"\",\"width_medium\":\"2-3\"},\"children\":[{\"type\":\"text\",\"props\":{\"margin\":\"default\",\"column_breakpoint\":\"m\",\"content\":\"\n\n<h3>Sondy pomiarowe<\\\/h3>\\n\n\n<p><br \\\/>Mini-ROV Subsea Tech mog\\u0105 by\\u0107 wyposa\\u017cone w r\\u00f3\\u017cne sondy takie jak: sonda do pomiaru grubo\\u015bci, sonda do pomiaru ochrony katodowej lub kilka sond fizyko-chemicznych (zasolenie, przewodno\\u015b\\u0107, pH, itp.).<\\\/p>\\n\n\n<p><span>Wi\\u0119cej informacji:\\u00a0<\\\/span><a href=\\\"https:\\\/\\\/www.subsea-tech.com\\\/cygnus-instruments\\\/#produits\\\">Cygnus thickness measurement<\\\/a><span>\\u00a0\\u2013\\u00a0<\\\/span><a href=\\\"https:\\\/\\\/www.subsea-tech.com\\\/buckleys-uvral-ltd\\\/#produits\\\">Buckleys CP Probe<\\\/a><\\\/p>\"}}]}]}]},{\"type\":\"section\",\"props\":{\"style\":\"default\",\"width\":\"default\",\"vertical_align\":\"middle\",\"title_position\":\"top-left\",\"title_rotation\":\"left\",\"title_breakpoint\":\"xl\",\"image_position\":\"center-center\"},\"children\":[{\"type\":\"row\",\"props\":{\"layout\":\"1-4,1-4,1-4,1-4|1-2,1-2,1-2,1-2\"},\"children\":[{\"type\":\"column\",\"props\":{\"image_position\":\"center-center\",\"media_overlay_gradient\":\"\",\"width_medium\":\"1-4\",\"width_small\":\"1-2\"},\"children\":[{\"type\":\"image\",\"props\":{\"margin\":\"default\",\"image_svg_color\":\"emphasis\",\"image\":\"wp-content\\\/uploads\\\/2021\\\/09\\\/Mini-ROV_Laser.jpg\"}},{\"type\":\"text\",\"props\":{\"margin\":\"default\",\"column_breakpoint\":\"m\",\"content\":\"\n\n<h3>Wska\\u017anik laserowy<\\\/h3>\\n\n\n<p>Po\\u0142\\u0105czenie wska\\u017anika laserowego Subsea Tech i oprogramowania Inspection Viewer to kompletne rozwi\\u0105zanie do pomiaru wszelkiego rodzaju odleg\\u0142o\\u015bci na obrazach przechwytywanych przez ROV.<\\\/p>\"}}]},{\"type\":\"column\",\"props\":{\"image_position\":\"center-center\",\"media_overlay_gradient\":\"\",\"width_medium\":\"1-4\",\"width_small\":\"1-2\"},\"children\":[{\"type\":\"image\",\"props\":{\"margin\":\"default\",\"image_svg_color\":\"emphasis\",\"image\":\"wp-content\\\/uploads\\\/2021\\\/09\\\/Mini-ROV_Enrouleur-1.jpg\"}},{\"type\":\"text\",\"props\":{\"margin\":\"default\",\"column_breakpoint\":\"m\",\"content\":\"\n\n<h3>B\\u0119ben z kablolin\\u0105<\\\/h3>\\n\n\n<p>\\u0141atwe zwijanie i rozwijanie kabloliny Mini-ROV za pomoc\\u0105 tej r\\u0119cznej wci\\u0105garki wyposa\\u017conej w pier\\u015bcie\\u0144 \\u015blizgowy.<\\\/p>\"}}]},{\"type\":\"column\",\"props\":{\"image_position\":\"center-center\",\"media_overlay_gradient\":\"\",\"width_medium\":\"1-4\",\"width_small\":\"1-2\"},\"children\":[{\"type\":\"image\",\"props\":{\"margin\":\"default\",\"image_svg_color\":\"emphasis\",\"image\":\"wp-content\\\/uploads\\\/2021\\\/09\\\/Mini-ROV_Cadre_roulette.jpg\"}},{\"type\":\"text\",\"props\":{\"margin\":\"default\",\"column_breakpoint\":\"m\",\"content\":\"\n\n<h3>Obramowanie<\\\/h3>\\n\n\n<p>Je\\u015bli przeprowadzasz inspekcje rur, obramowanie pomaga ograniczy\\u0107 ryzyko tarcia o \\u015bcianki.<\\\/p>\"}}]},{\"type\":\"column\",\"props\":{\"image_position\":\"center-center\",\"media_overlay_gradient\":\"\",\"width_medium\":\"1-4\",\"width_small\":\"1-2\"},\"children\":[{\"type\":\"image\",\"props\":{\"margin\":\"default\",\"image_svg_color\":\"emphasis\",\"image\":\"wp-content\\\/uploads\\\/2021\\\/09\\\/Mini-ROV_LYYN.jpg\"}},{\"type\":\"text\",\"props\":{\"margin\":\"default\",\"column_breakpoint\":\"m\",\"content\":\"\n\n<h3>Poprawa jako\\u015bci obrazu<\\\/h3>\\n\n\n<p>Zwi\\u0119ksz jako\\u015b\\u0107 swoich inspekcji dzi\\u0119ki systemowi poprawy obrazu w czasie rzeczywistym LYYN Hawk Board, zintegrowanemu bezpo\\u015brednio z konsol\\u0105.<\\\/p>\"}}]}]}]},{\"type\":\"section\",\"props\":{\"style\":\"default\",\"width\":\"default\",\"vertical_align\":\"middle\",\"title_position\":\"top-left\",\"title_rotation\":\"left\",\"title_breakpoint\":\"xl\",\"image_position\":\"center-center\"},\"children\":[{\"type\":\"row\",\"children\":[{\"type\":\"column\",\"props\":{\"image_position\":\"center-center\",\"media_overlay_gradient\":\"\"},\"children\":[{\"type\":\"button\",\"props\":{\"grid_column_gap\":\"small\",\"grid_row_gap\":\"small\",\"margin\":\"default\",\"text_align\":\"center\"},\"children\":[{\"type\":\"button_item\",\"props\":{\"button_style\":\"default\",\"icon_align\":\"left\",\"content\":\"Karta katalogowa \",\"link\":\"wp-content\\\/uploads\\\/2021\\\/09\\\/Brochure-Mini-ROV-Observer-EN.pdf\"}}]}]}]}]}],\"version\":\"2.4.14\"} --><\/p>\n","protected":false},"excerpt":{"rendered":"<p>Pojazd podwodny ROV Subsea Tech Mini-ROV Observer Observer Mini-ROV to lekki i kompaktowy podwodny robot inspekcyjny wyposa\u017cony w kolorowe kamery wideo o wysokiej rozdzielczo\u015bci oraz o\u015bwietlenie LED. Wbudowane baterie pozwalaj\u0105 na 4-godzinn\u0105 autonomi\u0119 pracy w najbardziej odleg\u0142ych miejscach do g\u0142\u0119boko\u015bci 150 m. Dzi\u0119ki dodatkowej wtyczce mo\u017cna \u0142atwo zamontowa\u0107 na Observerze r\u00f3\u017cne akcesoria, takie jak sonary, [&hellip;]<\/p>\n","protected":false},"author":10,"featured_media":0,"parent":0,"menu_order":0,"comment_status":"closed","ping_status":"closed","template":"","meta":{"footnotes":""},"class_list":["post-9643","page","type-page","status-publish","hentry"],"yoast_head":"<!-- This site is optimized with the Yoast SEO plugin v27.5 - https:\/\/yoast.com\/product\/yoast-seo-wordpress\/ -->\n<title>Pojazd podwodny ROV Subsea Tech Mini-ROV Observer - ESCORT TECHNOLOGY<\/title>\n<meta name=\"robots\" content=\"index, follow, max-snippet:-1, max-image-preview:large, max-video-preview:-1\" \/>\n<link rel=\"canonical\" href=\"http:\/\/escort-technology.com\/pl\/pojazd-podwodny-rov-subsea-tech-mini-rov-observer\/\" \/>\n<meta property=\"og:locale\" content=\"pl_PL\" \/>\n<meta property=\"og:type\" content=\"article\" \/>\n<meta property=\"og:title\" content=\"Pojazd podwodny ROV Subsea Tech Mini-ROV Observer - ESCORT TECHNOLOGY\" \/>\n<meta property=\"og:description\" content=\"Pojazd podwodny ROV Subsea Tech Mini-ROV Observer Observer Mini-ROV to lekki i kompaktowy podwodny robot inspekcyjny wyposa\u017cony w kolorowe kamery wideo o wysokiej rozdzielczo\u015bci oraz o\u015bwietlenie LED. Wbudowane baterie pozwalaj\u0105 na 4-godzinn\u0105 autonomi\u0119 pracy w najbardziej odleg\u0142ych miejscach do g\u0142\u0119boko\u015bci 150 m. Dzi\u0119ki dodatkowej wtyczce mo\u017cna \u0142atwo zamontowa\u0107 na Observerze r\u00f3\u017cne akcesoria, takie jak sonary, [&hellip;]\" \/>\n<meta property=\"og:url\" content=\"http:\/\/escort-technology.com\/pl\/pojazd-podwodny-rov-subsea-tech-mini-rov-observer\/\" \/>\n<meta property=\"og:site_name\" content=\"ESCORT TECHNOLOGY\" \/>\n<meta property=\"article:publisher\" content=\"https:\/\/www.facebook.com\/elektronika.morska\/\" \/>\n<meta property=\"article:modified_time\" content=\"2021-09-22T12:25:47+00:00\" \/>\n<meta property=\"og:image\" content=\"https:\/\/escort-technology.com\/wp-content\/uploads\/2021\/09\/Observer-sur-serviette-subseatech-scaled.jpg\" \/>\n<meta name=\"twitter:card\" content=\"summary_large_image\" \/>\n<meta name=\"twitter:label1\" content=\"Szacowany czas czytania\" \/>\n\t<meta name=\"twitter:data1\" content=\"2 minuty\" \/>\n<script type=\"application\/ld+json\" class=\"yoast-schema-graph\">{\"@context\":\"https:\\\/\\\/schema.org\",\"@graph\":[{\"@type\":\"WebPage\",\"@id\":\"http:\\\/\\\/escort-technology.com\\\/en\\\/pojazd-podwodny-rov-subsea-tech-mini-rov-observer\\\/\",\"url\":\"http:\\\/\\\/escort-technology.com\\\/en\\\/pojazd-podwodny-rov-subsea-tech-mini-rov-observer\\\/\",\"name\":\"Pojazd podwodny ROV Subsea Tech Mini-ROV Observer - ESCORT TECHNOLOGY\",\"isPartOf\":{\"@id\":\"http:\\\/\\\/escort-technology.com\\\/de\\\/#website\"},\"datePublished\":\"2021-09-22T08:36:35+00:00\",\"dateModified\":\"2021-09-22T12:25:47+00:00\",\"breadcrumb\":{\"@id\":\"http:\\\/\\\/escort-technology.com\\\/en\\\/pojazd-podwodny-rov-subsea-tech-mini-rov-observer\\\/#breadcrumb\"},\"inLanguage\":\"pl-PL\",\"potentialAction\":[{\"@type\":\"ReadAction\",\"target\":[\"http:\\\/\\\/escort-technology.com\\\/en\\\/pojazd-podwodny-rov-subsea-tech-mini-rov-observer\\\/\"]}]},{\"@type\":\"BreadcrumbList\",\"@id\":\"http:\\\/\\\/escort-technology.com\\\/en\\\/pojazd-podwodny-rov-subsea-tech-mini-rov-observer\\\/#breadcrumb\",\"itemListElement\":[{\"@type\":\"ListItem\",\"position\":1,\"name\":\"Strona g\u0142\u00f3wna\",\"item\":\"https:\\\/\\\/escort-technology.com\\\/\"},{\"@type\":\"ListItem\",\"position\":2,\"name\":\"Pojazd podwodny ROV Subsea Tech Mini-ROV Observer\"}]},{\"@type\":\"WebSite\",\"@id\":\"http:\\\/\\\/escort-technology.com\\\/de\\\/#website\",\"url\":\"http:\\\/\\\/escort-technology.com\\\/de\\\/\",\"name\":\"ESCORT TECHNOLOGY\",\"description\":\"Elektronika morska i l\u0105dowa\",\"publisher\":{\"@id\":\"http:\\\/\\\/escort-technology.com\\\/de\\\/#organization\"},\"potentialAction\":[{\"@type\":\"SearchAction\",\"target\":{\"@type\":\"EntryPoint\",\"urlTemplate\":\"http:\\\/\\\/escort-technology.com\\\/de\\\/?s={search_term_string}\"},\"query-input\":{\"@type\":\"PropertyValueSpecification\",\"valueRequired\":true,\"valueName\":\"search_term_string\"}}],\"inLanguage\":\"pl-PL\"},{\"@type\":\"Organization\",\"@id\":\"http:\\\/\\\/escort-technology.com\\\/de\\\/#organization\",\"name\":\"ESCORT TECHNOLOGY\",\"url\":\"http:\\\/\\\/escort-technology.com\\\/de\\\/\",\"logo\":{\"@type\":\"ImageObject\",\"inLanguage\":\"pl-PL\",\"@id\":\"http:\\\/\\\/escort-technology.com\\\/de\\\/#\\\/schema\\\/logo\\\/image\\\/\",\"url\":\"https:\\\/\\\/escort-technology.com\\\/wp-content\\\/uploads\\\/logo-1.jpg\",\"contentUrl\":\"https:\\\/\\\/escort-technology.com\\\/wp-content\\\/uploads\\\/logo-1.jpg\",\"width\":600,\"height\":165,\"caption\":\"ESCORT TECHNOLOGY\"},\"image\":{\"@id\":\"http:\\\/\\\/escort-technology.com\\\/de\\\/#\\\/schema\\\/logo\\\/image\\\/\"},\"sameAs\":[\"https:\\\/\\\/www.facebook.com\\\/elektronika.morska\\\/\",\"https:\\\/\\\/www.linkedin.com\\\/company\\\/escort-sp-z-o-o-\\\/\"]}]}<\/script>\n<!-- \/ Yoast SEO plugin. -->","yoast_head_json":{"title":"Pojazd podwodny ROV Subsea Tech Mini-ROV Observer - ESCORT TECHNOLOGY","robots":{"index":"index","follow":"follow","max-snippet":"max-snippet:-1","max-image-preview":"max-image-preview:large","max-video-preview":"max-video-preview:-1"},"canonical":"http:\/\/escort-technology.com\/pl\/pojazd-podwodny-rov-subsea-tech-mini-rov-observer\/","og_locale":"pl_PL","og_type":"article","og_title":"Pojazd podwodny ROV Subsea Tech Mini-ROV Observer - ESCORT TECHNOLOGY","og_description":"Pojazd podwodny ROV Subsea Tech Mini-ROV Observer Observer Mini-ROV to lekki i kompaktowy podwodny robot inspekcyjny wyposa\u017cony w kolorowe kamery wideo o wysokiej rozdzielczo\u015bci oraz o\u015bwietlenie LED. Wbudowane baterie pozwalaj\u0105 na 4-godzinn\u0105 autonomi\u0119 pracy w najbardziej odleg\u0142ych miejscach do g\u0142\u0119boko\u015bci 150 m. Dzi\u0119ki dodatkowej wtyczce mo\u017cna \u0142atwo zamontowa\u0107 na Observerze r\u00f3\u017cne akcesoria, takie jak sonary, [&hellip;]","og_url":"http:\/\/escort-technology.com\/pl\/pojazd-podwodny-rov-subsea-tech-mini-rov-observer\/","og_site_name":"ESCORT TECHNOLOGY","article_publisher":"https:\/\/www.facebook.com\/elektronika.morska\/","article_modified_time":"2021-09-22T12:25:47+00:00","og_image":[{"url":"https:\/\/escort-technology.com\/wp-content\/uploads\/2021\/09\/Observer-sur-serviette-subseatech-scaled.jpg","type":"","width":"","height":""}],"twitter_card":"summary_large_image","twitter_misc":{"Szacowany czas czytania":"2 minuty"},"schema":{"@context":"https:\/\/schema.org","@graph":[{"@type":"WebPage","@id":"http:\/\/escort-technology.com\/en\/pojazd-podwodny-rov-subsea-tech-mini-rov-observer\/","url":"http:\/\/escort-technology.com\/en\/pojazd-podwodny-rov-subsea-tech-mini-rov-observer\/","name":"Pojazd podwodny ROV Subsea Tech Mini-ROV Observer - ESCORT TECHNOLOGY","isPartOf":{"@id":"http:\/\/escort-technology.com\/de\/#website"},"datePublished":"2021-09-22T08:36:35+00:00","dateModified":"2021-09-22T12:25:47+00:00","breadcrumb":{"@id":"http:\/\/escort-technology.com\/en\/pojazd-podwodny-rov-subsea-tech-mini-rov-observer\/#breadcrumb"},"inLanguage":"pl-PL","potentialAction":[{"@type":"ReadAction","target":["http:\/\/escort-technology.com\/en\/pojazd-podwodny-rov-subsea-tech-mini-rov-observer\/"]}]},{"@type":"BreadcrumbList","@id":"http:\/\/escort-technology.com\/en\/pojazd-podwodny-rov-subsea-tech-mini-rov-observer\/#breadcrumb","itemListElement":[{"@type":"ListItem","position":1,"name":"Strona g\u0142\u00f3wna","item":"https:\/\/escort-technology.com\/"},{"@type":"ListItem","position":2,"name":"Pojazd podwodny ROV Subsea Tech Mini-ROV Observer"}]},{"@type":"WebSite","@id":"http:\/\/escort-technology.com\/de\/#website","url":"http:\/\/escort-technology.com\/de\/","name":"ESCORT TECHNOLOGY","description":"Elektronika morska i l\u0105dowa","publisher":{"@id":"http:\/\/escort-technology.com\/de\/#organization"},"potentialAction":[{"@type":"SearchAction","target":{"@type":"EntryPoint","urlTemplate":"http:\/\/escort-technology.com\/de\/?s={search_term_string}"},"query-input":{"@type":"PropertyValueSpecification","valueRequired":true,"valueName":"search_term_string"}}],"inLanguage":"pl-PL"},{"@type":"Organization","@id":"http:\/\/escort-technology.com\/de\/#organization","name":"ESCORT TECHNOLOGY","url":"http:\/\/escort-technology.com\/de\/","logo":{"@type":"ImageObject","inLanguage":"pl-PL","@id":"http:\/\/escort-technology.com\/de\/#\/schema\/logo\/image\/","url":"https:\/\/escort-technology.com\/wp-content\/uploads\/logo-1.jpg","contentUrl":"https:\/\/escort-technology.com\/wp-content\/uploads\/logo-1.jpg","width":600,"height":165,"caption":"ESCORT TECHNOLOGY"},"image":{"@id":"http:\/\/escort-technology.com\/de\/#\/schema\/logo\/image\/"},"sameAs":["https:\/\/www.facebook.com\/elektronika.morska\/","https:\/\/www.linkedin.com\/company\/escort-sp-z-o-o-\/"]}]}},"_links":{"self":[{"href":"https:\/\/escort-technology.com\/pl\/wp-json\/wp\/v2\/pages\/9643","targetHints":{"allow":["GET"]}}],"collection":[{"href":"https:\/\/escort-technology.com\/pl\/wp-json\/wp\/v2\/pages"}],"about":[{"href":"https:\/\/escort-technology.com\/pl\/wp-json\/wp\/v2\/types\/page"}],"author":[{"embeddable":true,"href":"https:\/\/escort-technology.com\/pl\/wp-json\/wp\/v2\/users\/10"}],"replies":[{"embeddable":true,"href":"https:\/\/escort-technology.com\/pl\/wp-json\/wp\/v2\/comments?post=9643"}],"version-history":[{"count":11,"href":"https:\/\/escort-technology.com\/pl\/wp-json\/wp\/v2\/pages\/9643\/revisions"}],"predecessor-version":[{"id":9668,"href":"https:\/\/escort-technology.com\/pl\/wp-json\/wp\/v2\/pages\/9643\/revisions\/9668"}],"wp:attachment":[{"href":"https:\/\/escort-technology.com\/pl\/wp-json\/wp\/v2\/media?parent=9643"}],"curies":[{"name":"wp","href":"https:\/\/api.w.org\/{rel}","templated":true}]}}