{"id":9702,"date":"2021-09-24T09:56:56","date_gmt":"2021-09-24T07:56:56","guid":{"rendered":"https:\/\/escort-technology.com\/?page_id=9702"},"modified":"2021-09-24T10:57:23","modified_gmt":"2021-09-24T08:57:23","slug":"pojazd-podwodny-auv-subsea-tech-torpedo","status":"publish","type":"page","link":"https:\/\/escort-technology.com\/pl\/pojazd-podwodny-auv-subsea-tech-torpedo\/","title":{"rendered":"Pojazd podwodny AUV Subsea Tech Torpedo"},"content":{"rendered":"<h1>\n<h1 class=\"uk-article-title\">Pojazd podwodny AUV Subsea Tech Torpedo<\/h1>\n<\/h1>\n<hr>\n<p><img decoding=\"async\" src=\"\/wp-content\/uploads\/2021\/09\/Torpedo-scaled.jpg\" alt=\"\"><\/p>\n<div>\n<p>Torpedo AUV jest autonomicznym pojazdem podwodnym zaprojektowanym specjalnie do inspekcji wewn\u0119trznych ruroci\u0105g\u00f3w i tuneli na dystansie do 5000m.<br \/>Pojazd jest wyposa\u017cony w przedni\u0105 kolorow\u0105 kamer\u0119 wideo HD ze zintegrowanym o\u015bwietleniem LED i mo\u017ce by\u0107 r\u00f3wnie\u017c wyposa\u017cony w r\u00f3\u017cne inne czujniki, takie jak sonar wielowi\u0105zkowy (obrazowanie akustyczne) i profiler akustyczny.<br \/>Pojazd jest pod\u0142\u0105czony do powierzchni za pomoc\u0105 kabla Dyneema o \u015brednicy 2,1 mm, co umo\u017cliwia jego odzyskanie i pomiar pokonanego dystansu za pomoc\u0105 odometru umieszczonego na wci\u0105garce elektrycznej.<\/p>\n<\/div>\n<p><img decoding=\"async\" src=\"\/wp-content\/uploads\/2021\/09\/App_Tortuga_Inland-e1632332787180.jpg\" alt=\"\"><\/p>\n<div>\n<p><strong>ZAPORY I BUDOWLE WODNE<\/strong><\/p>\n<p>Torpedo umo\u017cliwia wizualn\u0105 i sonarow\u0105 inspekcj\u0119 zalanych rur na poziomie zap\u00f3r i innych obiekt\u00f3w energetycznych (elektrownie j\u0105drowe i cieplne), takich jak uj\u0119cia wody, zastawki lub rury spustowe. Dzi\u0119ki swojemu kszta\u0142towi i zredukowanej szeroko\u015bci\/wysoko\u015bci, Torpedo umo\u017cliwia inspekcje wewn\u0119trzne rur od DN 500.<\/p>\n<\/div>\n<p><img decoding=\"async\" src=\"\/wp-content\/uploads\/2021\/09\/Plateforme-2-e1632333106878.jpg\" alt=\"\"><\/p>\n<div>\n<p><strong>OFFSHORE O&amp;G<\/strong><\/p>\n<p>Torpedo, pierwotnie zaprojektowane dla projektu przemys\u0142owego w sektorze O&amp;G, umo\u017cliwia wewn\u0119trzne inspekcje ruroci\u0105g\u00f3w naftowych przed oddaniem ich do u\u017cytku lub podczas operacji konserwacyjnych. U\u017cyto go do zlokalizowania z du\u017c\u0105 dok\u0142adno\u015bci\u0105 niekt\u00f3rych defekt\u00f3w znajduj\u0105cych si\u0119 w odleg\u0142o\u015bci kilku kilometr\u00f3w od miejsca wej\u015bcia do rury.<\/p>\n<\/div>\n<p><img decoding=\"async\" src=\"\/wp-content\/uploads\/2021\/09\/831A-2-e1631801322390.jpg\" alt=\"\"><\/p>\n<div>\n<p><strong>WODA PITNA \/ \u015aCIEKI \/ WODY BURZOWE<\/strong><\/p>\n<p>Sektory wody pitnej i sanitarne wykazuj\u0105 wiele zastosowa\u0144 dla Torpedo, kt\u00f3re mo\u017ce przeprowadza\u0107 inspekcje rur wewn\u0119trznych na du\u017cych odleg\u0142o\u015bciach, unikaj\u0105c w ten spos\u00f3b d\u0142ugich i \u017cmudnych operacji zwi\u0105zanych z odzyskiwaniem systemu wzd\u0142u\u017c studzienek.<\/p>\n<\/div>\n<p>\n    <a href=\"\/wp-content\/uploads\/2021\/09\/Brochure_Torpedo_Print_EN.pdf\"><\/a>\n<\/p>\n<p><!--more--><br \/>\n<!-- {\"type\":\"layout\",\"children\":[{\"type\":\"section\",\"props\":{\"style\":\"default\",\"width\":\"default\",\"vertical_align\":\"middle\",\"title_position\":\"top-left\",\"title_rotation\":\"left\",\"title_breakpoint\":\"xl\",\"image_position\":\"center-center\"},\"children\":[{\"type\":\"row\",\"children\":[{\"type\":\"column\",\"props\":{\"image_position\":\"center-center\",\"media_overlay_gradient\":\"\"},\"children\":[{\"type\":\"headline\",\"props\":{\"title_element\":\"h1\",\"content\":\"\n\n<h1 class=\\\"uk-article-title\\\">Pojazd podwodny AUV Subsea Tech Torpedo<\\\/h1>\"}},{\"type\":\"divider\",\"props\":{\"divider_element\":\"hr\"}}]}]}]},{\"type\":\"section\",\"props\":{\"style\":\"default\",\"width\":\"default\",\"vertical_align\":\"middle\",\"title_position\":\"top-left\",\"title_rotation\":\"left\",\"title_breakpoint\":\"xl\",\"image_position\":\"center-center\"},\"children\":[{\"type\":\"row\",\"children\":[{\"type\":\"column\",\"props\":{\"image_position\":\"center-center\",\"media_overlay_gradient\":\"\"},\"children\":[{\"type\":\"image\",\"props\":{\"margin\":\"default\",\"image_svg_color\":\"emphasis\",\"image\":\"wp-content\\\/uploads\\\/2021\\\/09\\\/Torpedo-scaled.jpg\"}},{\"type\":\"text\",\"props\":{\"margin\":\"default\",\"column_breakpoint\":\"m\",\"content\":\"\n\n<p>Torpedo AUV jest autonomicznym pojazdem podwodnym zaprojektowanym specjalnie do inspekcji wewn\\u0119trznych ruroci\\u0105g\\u00f3w i tuneli na dystansie do 5000m.<br \\\/>Pojazd jest wyposa\\u017cony w przedni\\u0105 kolorow\\u0105 kamer\\u0119 wideo HD ze zintegrowanym o\\u015bwietleniem LED i mo\\u017ce by\\u0107 r\\u00f3wnie\\u017c wyposa\\u017cony w r\\u00f3\\u017cne inne czujniki, takie jak sonar wielowi\\u0105zkowy (obrazowanie akustyczne) i profiler akustyczny.<br \\\/>Pojazd jest pod\\u0142\\u0105czony do powierzchni za pomoc\\u0105 kabla Dyneema o \\u015brednicy 2,1 mm, co umo\\u017cliwia jego odzyskanie i pomiar pokonanego dystansu za pomoc\\u0105 odometru umieszczonego na wci\\u0105garce elektrycznej.<\\\/p>\"}}]}]}]},{\"type\":\"section\",\"props\":{\"style\":\"default\",\"width\":\"default\",\"vertical_align\":\"middle\",\"title_position\":\"top-left\",\"title_rotation\":\"left\",\"title_breakpoint\":\"xl\",\"image_position\":\"center-center\"},\"children\":[{\"type\":\"row\",\"props\":{\"layout\":\"1-3,1-3,1-3\"},\"children\":[{\"type\":\"column\",\"props\":{\"image_position\":\"center-center\",\"media_overlay_gradient\":\"\",\"width_medium\":\"1-3\"},\"children\":[{\"type\":\"image\",\"props\":{\"margin\":\"default\",\"image_svg_color\":\"emphasis\",\"image\":\"wp-content\\\/uploads\\\/2021\\\/09\\\/App_Tortuga_Inland-e1632332787180.jpg\"}},{\"type\":\"text\",\"props\":{\"margin\":\"default\",\"column_breakpoint\":\"m\",\"content\":\"\n\n<p><strong>ZAPORY I BUDOWLE WODNE<\\\/strong><\\\/p>\\n\n\n<p><br \\\/>Torpedo umo\\u017cliwia wizualn\\u0105 i sonarow\\u0105 inspekcj\\u0119 zalanych rur na poziomie zap\\u00f3r i innych obiekt\\u00f3w energetycznych (elektrownie j\\u0105drowe i cieplne), takich jak uj\\u0119cia wody, zastawki lub rury spustowe. Dzi\\u0119ki swojemu kszta\\u0142towi i zredukowanej szeroko\\u015bci\\\/wysoko\\u015bci, Torpedo umo\\u017cliwia inspekcje wewn\\u0119trzne rur od DN 500.<\\\/p>\"}}]},{\"type\":\"column\",\"props\":{\"image_position\":\"center-center\",\"media_overlay_gradient\":\"\",\"width_medium\":\"1-3\"},\"children\":[{\"type\":\"image\",\"props\":{\"margin\":\"default\",\"image_svg_color\":\"emphasis\",\"image\":\"wp-content\\\/uploads\\\/2021\\\/09\\\/Plateforme-2-e1632333106878.jpg\"}},{\"type\":\"text\",\"props\":{\"margin\":\"default\",\"column_breakpoint\":\"m\",\"content\":\"\n\n<p><strong>OFFSHORE O&amp;G<\\\/strong><\\\/p>\\n\n\n<p>Torpedo, pierwotnie zaprojektowane dla projektu przemys\\u0142owego w sektorze O&amp;G, umo\\u017cliwia wewn\\u0119trzne inspekcje ruroci\\u0105g\\u00f3w naftowych przed oddaniem ich do u\\u017cytku lub podczas operacji konserwacyjnych. U\\u017cyto go do zlokalizowania z du\\u017c\\u0105 dok\\u0142adno\\u015bci\\u0105 niekt\\u00f3rych defekt\\u00f3w znajduj\\u0105cych si\\u0119 w odleg\\u0142o\\u015bci kilku kilometr\\u00f3w od miejsca wej\\u015bcia do rury.<\\\/p>\"}}]},{\"type\":\"column\",\"props\":{\"image_position\":\"center-center\",\"media_overlay_gradient\":\"\",\"width_medium\":\"1-3\"},\"children\":[{\"type\":\"image\",\"props\":{\"margin\":\"default\",\"image_svg_color\":\"emphasis\",\"image\":\"wp-content\\\/uploads\\\/2021\\\/09\\\/831A-2-e1631801322390.jpg\"}},{\"type\":\"text\",\"props\":{\"margin\":\"default\",\"column_breakpoint\":\"m\",\"content\":\"\n\n<p><strong>WODA PITNA \\\/ \\u015aCIEKI \\\/ WODY BURZOWE<\\\/strong><\\\/p>\\n\n\n<p><br \\\/>Sektory wody pitnej i sanitarne wykazuj\\u0105 wiele zastosowa\\u0144 dla Torpedo, kt\\u00f3re mo\\u017ce przeprowadza\\u0107 inspekcje rur wewn\\u0119trznych na du\\u017cych odleg\\u0142o\\u015bciach, unikaj\\u0105c w ten spos\\u00f3b d\\u0142ugich i \\u017cmudnych operacji zwi\\u0105zanych z odzyskiwaniem systemu wzd\\u0142u\\u017c studzienek.<\\\/p>\"}}]}]}]},{\"type\":\"section\",\"props\":{\"style\":\"default\",\"width\":\"default\",\"vertical_align\":\"middle\",\"title_position\":\"top-left\",\"title_rotation\":\"left\",\"title_breakpoint\":\"xl\",\"image_position\":\"center-center\"},\"children\":[{\"type\":\"row\",\"children\":[{\"type\":\"column\",\"props\":{\"image_position\":\"center-center\",\"media_overlay_gradient\":\"\"},\"children\":[{\"type\":\"button\",\"props\":{\"grid_column_gap\":\"small\",\"grid_row_gap\":\"small\",\"margin\":\"default\",\"text_align\":\"center\"},\"children\":[{\"type\":\"button_item\",\"props\":{\"button_style\":\"default\",\"icon_align\":\"left\",\"link\":\"wp-content\\\/uploads\\\/2021\\\/09\\\/Brochure_Torpedo_Print_EN.pdf\"}}]}]}]}]}],\"version\":\"2.4.14\"} --><\/p>\n","protected":false},"excerpt":{"rendered":"<p>Pojazd podwodny AUV Subsea Tech Torpedo Torpedo AUV jest autonomicznym pojazdem podwodnym zaprojektowanym specjalnie do inspekcji wewn\u0119trznych ruroci\u0105g\u00f3w i tuneli na dystansie do 5000m.Pojazd jest wyposa\u017cony w przedni\u0105 kolorow\u0105 kamer\u0119 wideo HD ze zintegrowanym o\u015bwietleniem LED i mo\u017ce by\u0107 r\u00f3wnie\u017c wyposa\u017cony w r\u00f3\u017cne inne czujniki, takie jak sonar wielowi\u0105zkowy (obrazowanie akustyczne) i profiler akustyczny.Pojazd jest [&hellip;]<\/p>\n","protected":false},"author":10,"featured_media":0,"parent":0,"menu_order":0,"comment_status":"closed","ping_status":"closed","template":"","meta":{"footnotes":""},"class_list":["post-9702","page","type-page","status-publish","hentry"],"yoast_head":"<!-- This site is optimized with the Yoast SEO plugin v27.5 - https:\/\/yoast.com\/product\/yoast-seo-wordpress\/ -->\n<title>Pojazd podwodny AUV Subsea Tech Torpedo - ESCORT TECHNOLOGY<\/title>\n<meta name=\"robots\" content=\"index, follow, max-snippet:-1, max-image-preview:large, max-video-preview:-1\" \/>\n<link rel=\"canonical\" href=\"http:\/\/escort-technology.com\/pl\/pojazd-podwodny-auv-subsea-tech-torpedo\/\" \/>\n<meta property=\"og:locale\" content=\"pl_PL\" \/>\n<meta property=\"og:type\" content=\"article\" \/>\n<meta property=\"og:title\" content=\"Pojazd podwodny AUV Subsea Tech Torpedo - ESCORT TECHNOLOGY\" \/>\n<meta property=\"og:description\" content=\"Pojazd podwodny AUV Subsea Tech Torpedo Torpedo AUV jest autonomicznym pojazdem podwodnym zaprojektowanym specjalnie do inspekcji wewn\u0119trznych ruroci\u0105g\u00f3w i tuneli na dystansie do 5000m.Pojazd jest wyposa\u017cony w przedni\u0105 kolorow\u0105 kamer\u0119 wideo HD ze zintegrowanym o\u015bwietleniem LED i mo\u017ce by\u0107 r\u00f3wnie\u017c wyposa\u017cony w r\u00f3\u017cne inne czujniki, takie jak sonar wielowi\u0105zkowy (obrazowanie akustyczne) i profiler akustyczny.Pojazd jest [&hellip;]\" \/>\n<meta property=\"og:url\" content=\"http:\/\/escort-technology.com\/pl\/pojazd-podwodny-auv-subsea-tech-torpedo\/\" \/>\n<meta property=\"og:site_name\" content=\"ESCORT TECHNOLOGY\" \/>\n<meta property=\"article:publisher\" content=\"https:\/\/www.facebook.com\/elektronika.morska\/\" \/>\n<meta property=\"article:modified_time\" content=\"2021-09-24T08:57:23+00:00\" \/>\n<meta property=\"og:image\" content=\"https:\/\/escort-technology.com\/wp-content\/uploads\/2021\/09\/Torpedo-scaled.jpg\" \/>\n<meta name=\"twitter:card\" content=\"summary_large_image\" \/>\n<meta name=\"twitter:label1\" content=\"Szacowany czas czytania\" \/>\n\t<meta name=\"twitter:data1\" content=\"1 minuta\" \/>\n<script type=\"application\/ld+json\" class=\"yoast-schema-graph\">{\"@context\":\"https:\\\/\\\/schema.org\",\"@graph\":[{\"@type\":\"WebPage\",\"@id\":\"http:\\\/\\\/escort-technology.com\\\/pl\\\/pojazd-podwodny-auv-subsea-tech-torpedo\\\/\",\"url\":\"http:\\\/\\\/escort-technology.com\\\/pl\\\/pojazd-podwodny-auv-subsea-tech-torpedo\\\/\",\"name\":\"Pojazd podwodny AUV Subsea Tech Torpedo - ESCORT TECHNOLOGY\",\"isPartOf\":{\"@id\":\"http:\\\/\\\/escort-technology.com\\\/de\\\/#website\"},\"datePublished\":\"2021-09-24T07:56:56+00:00\",\"dateModified\":\"2021-09-24T08:57:23+00:00\",\"breadcrumb\":{\"@id\":\"http:\\\/\\\/escort-technology.com\\\/pl\\\/pojazd-podwodny-auv-subsea-tech-torpedo\\\/#breadcrumb\"},\"inLanguage\":\"pl-PL\",\"potentialAction\":[{\"@type\":\"ReadAction\",\"target\":[\"http:\\\/\\\/escort-technology.com\\\/pl\\\/pojazd-podwodny-auv-subsea-tech-torpedo\\\/\"]}]},{\"@type\":\"BreadcrumbList\",\"@id\":\"http:\\\/\\\/escort-technology.com\\\/pl\\\/pojazd-podwodny-auv-subsea-tech-torpedo\\\/#breadcrumb\",\"itemListElement\":[{\"@type\":\"ListItem\",\"position\":1,\"name\":\"Strona g\u0142\u00f3wna\",\"item\":\"https:\\\/\\\/escort-technology.com\\\/\"},{\"@type\":\"ListItem\",\"position\":2,\"name\":\"Pojazd podwodny AUV Subsea Tech Torpedo\"}]},{\"@type\":\"WebSite\",\"@id\":\"http:\\\/\\\/escort-technology.com\\\/de\\\/#website\",\"url\":\"http:\\\/\\\/escort-technology.com\\\/de\\\/\",\"name\":\"ESCORT TECHNOLOGY\",\"description\":\"Elektronika morska i l\u0105dowa\",\"publisher\":{\"@id\":\"http:\\\/\\\/escort-technology.com\\\/de\\\/#organization\"},\"potentialAction\":[{\"@type\":\"SearchAction\",\"target\":{\"@type\":\"EntryPoint\",\"urlTemplate\":\"http:\\\/\\\/escort-technology.com\\\/de\\\/?s={search_term_string}\"},\"query-input\":{\"@type\":\"PropertyValueSpecification\",\"valueRequired\":true,\"valueName\":\"search_term_string\"}}],\"inLanguage\":\"pl-PL\"},{\"@type\":\"Organization\",\"@id\":\"http:\\\/\\\/escort-technology.com\\\/de\\\/#organization\",\"name\":\"ESCORT TECHNOLOGY\",\"url\":\"http:\\\/\\\/escort-technology.com\\\/de\\\/\",\"logo\":{\"@type\":\"ImageObject\",\"inLanguage\":\"pl-PL\",\"@id\":\"http:\\\/\\\/escort-technology.com\\\/de\\\/#\\\/schema\\\/logo\\\/image\\\/\",\"url\":\"https:\\\/\\\/escort-technology.com\\\/wp-content\\\/uploads\\\/logo-1.jpg\",\"contentUrl\":\"https:\\\/\\\/escort-technology.com\\\/wp-content\\\/uploads\\\/logo-1.jpg\",\"width\":600,\"height\":165,\"caption\":\"ESCORT TECHNOLOGY\"},\"image\":{\"@id\":\"http:\\\/\\\/escort-technology.com\\\/de\\\/#\\\/schema\\\/logo\\\/image\\\/\"},\"sameAs\":[\"https:\\\/\\\/www.facebook.com\\\/elektronika.morska\\\/\",\"https:\\\/\\\/www.linkedin.com\\\/company\\\/escort-sp-z-o-o-\\\/\"]}]}<\/script>\n<!-- \/ Yoast SEO plugin. -->","yoast_head_json":{"title":"Pojazd podwodny AUV Subsea Tech Torpedo - ESCORT TECHNOLOGY","robots":{"index":"index","follow":"follow","max-snippet":"max-snippet:-1","max-image-preview":"max-image-preview:large","max-video-preview":"max-video-preview:-1"},"canonical":"http:\/\/escort-technology.com\/pl\/pojazd-podwodny-auv-subsea-tech-torpedo\/","og_locale":"pl_PL","og_type":"article","og_title":"Pojazd podwodny AUV Subsea Tech Torpedo - ESCORT TECHNOLOGY","og_description":"Pojazd podwodny AUV Subsea Tech Torpedo Torpedo AUV jest autonomicznym pojazdem podwodnym zaprojektowanym specjalnie do inspekcji wewn\u0119trznych ruroci\u0105g\u00f3w i tuneli na dystansie do 5000m.Pojazd jest wyposa\u017cony w przedni\u0105 kolorow\u0105 kamer\u0119 wideo HD ze zintegrowanym o\u015bwietleniem LED i mo\u017ce by\u0107 r\u00f3wnie\u017c wyposa\u017cony w r\u00f3\u017cne inne czujniki, takie jak sonar wielowi\u0105zkowy (obrazowanie akustyczne) i profiler akustyczny.Pojazd jest [&hellip;]","og_url":"http:\/\/escort-technology.com\/pl\/pojazd-podwodny-auv-subsea-tech-torpedo\/","og_site_name":"ESCORT TECHNOLOGY","article_publisher":"https:\/\/www.facebook.com\/elektronika.morska\/","article_modified_time":"2021-09-24T08:57:23+00:00","og_image":[{"url":"https:\/\/escort-technology.com\/wp-content\/uploads\/2021\/09\/Torpedo-scaled.jpg","type":"","width":"","height":""}],"twitter_card":"summary_large_image","twitter_misc":{"Szacowany czas czytania":"1 minuta"},"schema":{"@context":"https:\/\/schema.org","@graph":[{"@type":"WebPage","@id":"http:\/\/escort-technology.com\/pl\/pojazd-podwodny-auv-subsea-tech-torpedo\/","url":"http:\/\/escort-technology.com\/pl\/pojazd-podwodny-auv-subsea-tech-torpedo\/","name":"Pojazd podwodny AUV Subsea Tech Torpedo - ESCORT TECHNOLOGY","isPartOf":{"@id":"http:\/\/escort-technology.com\/de\/#website"},"datePublished":"2021-09-24T07:56:56+00:00","dateModified":"2021-09-24T08:57:23+00:00","breadcrumb":{"@id":"http:\/\/escort-technology.com\/pl\/pojazd-podwodny-auv-subsea-tech-torpedo\/#breadcrumb"},"inLanguage":"pl-PL","potentialAction":[{"@type":"ReadAction","target":["http:\/\/escort-technology.com\/pl\/pojazd-podwodny-auv-subsea-tech-torpedo\/"]}]},{"@type":"BreadcrumbList","@id":"http:\/\/escort-technology.com\/pl\/pojazd-podwodny-auv-subsea-tech-torpedo\/#breadcrumb","itemListElement":[{"@type":"ListItem","position":1,"name":"Strona g\u0142\u00f3wna","item":"https:\/\/escort-technology.com\/"},{"@type":"ListItem","position":2,"name":"Pojazd podwodny AUV Subsea Tech Torpedo"}]},{"@type":"WebSite","@id":"http:\/\/escort-technology.com\/de\/#website","url":"http:\/\/escort-technology.com\/de\/","name":"ESCORT TECHNOLOGY","description":"Elektronika morska i l\u0105dowa","publisher":{"@id":"http:\/\/escort-technology.com\/de\/#organization"},"potentialAction":[{"@type":"SearchAction","target":{"@type":"EntryPoint","urlTemplate":"http:\/\/escort-technology.com\/de\/?s={search_term_string}"},"query-input":{"@type":"PropertyValueSpecification","valueRequired":true,"valueName":"search_term_string"}}],"inLanguage":"pl-PL"},{"@type":"Organization","@id":"http:\/\/escort-technology.com\/de\/#organization","name":"ESCORT TECHNOLOGY","url":"http:\/\/escort-technology.com\/de\/","logo":{"@type":"ImageObject","inLanguage":"pl-PL","@id":"http:\/\/escort-technology.com\/de\/#\/schema\/logo\/image\/","url":"https:\/\/escort-technology.com\/wp-content\/uploads\/logo-1.jpg","contentUrl":"https:\/\/escort-technology.com\/wp-content\/uploads\/logo-1.jpg","width":600,"height":165,"caption":"ESCORT TECHNOLOGY"},"image":{"@id":"http:\/\/escort-technology.com\/de\/#\/schema\/logo\/image\/"},"sameAs":["https:\/\/www.facebook.com\/elektronika.morska\/","https:\/\/www.linkedin.com\/company\/escort-sp-z-o-o-\/"]}]}},"_links":{"self":[{"href":"https:\/\/escort-technology.com\/pl\/wp-json\/wp\/v2\/pages\/9702","targetHints":{"allow":["GET"]}}],"collection":[{"href":"https:\/\/escort-technology.com\/pl\/wp-json\/wp\/v2\/pages"}],"about":[{"href":"https:\/\/escort-technology.com\/pl\/wp-json\/wp\/v2\/types\/page"}],"author":[{"embeddable":true,"href":"https:\/\/escort-technology.com\/pl\/wp-json\/wp\/v2\/users\/10"}],"replies":[{"embeddable":true,"href":"https:\/\/escort-technology.com\/pl\/wp-json\/wp\/v2\/comments?post=9702"}],"version-history":[{"count":7,"href":"https:\/\/escort-technology.com\/pl\/wp-json\/wp\/v2\/pages\/9702\/revisions"}],"predecessor-version":[{"id":9741,"href":"https:\/\/escort-technology.com\/pl\/wp-json\/wp\/v2\/pages\/9702\/revisions\/9741"}],"wp:attachment":[{"href":"https:\/\/escort-technology.com\/pl\/wp-json\/wp\/v2\/media?parent=9702"}],"curies":[{"name":"wp","href":"https:\/\/api.w.org\/{rel}","templated":true}]}}