{"id":9763,"date":"2021-09-24T13:51:19","date_gmt":"2021-09-24T11:51:19","guid":{"rendered":"https:\/\/escort-technology.com\/?page_id=9763"},"modified":"2021-09-24T14:43:39","modified_gmt":"2021-09-24T12:43:39","slug":"pojazd-podwodny-saab-seaeye-falcon","status":"publish","type":"page","link":"https:\/\/escort-technology.com\/pl\/pojazd-podwodny-saab-seaeye-falcon\/","title":{"rendered":"Pojazd podwodny Saab Seaeye Falcon"},"content":{"rendered":"<h1>\n<h1 class=\"uk-article-title\">Pojazd podwodny Saab Seaeye Falcon<\/h1>\n<\/h1>\n<hr>\n<p><img decoding=\"async\" src=\"\/wp-content\/uploads\/2021\/09\/img-1.jpg\" alt=\"\"><br \/>\n<img decoding=\"async\" src=\"\/wp-content\/uploads\/2021\/09\/img-_1_.jpg\" alt=\"\"><br \/>\n<img decoding=\"async\" src=\"\/wp-content\/uploads\/2021\/09\/img-_2_.jpg\" alt=\"\"><\/p>\n<div>\n<p>Pojazd podwodny Falcon jest najbardziej popularnym\u00a0 systemem w swojej klasie i zosta\u0142a sprawdzona w wielu skomplikowanych i wymagaj\u0105cych misjach w wielu sektorach.<\/p>\n<p>Wyposa\u017cony w zaawansowany system inteligentnego sterowania iCON&#x2122; firmy Saab Seaeye, Falcon zapewnia wyj\u0105tkow\u0105 kontrol\u0119 nad pojazdem i dane diagnostyczne, jak r\u00f3wnie\u017c mo\u017cliwo\u015b\u0107 dostosowania wy\u015bwietlacza pilota i w\u0142\u0105czenia takich funkcji jak utrzymywanie pozycji.<\/p>\n<p>Falcon jest lekki, ma zaledwie jeden metr d\u0142ugo\u015bci i jest przystosowany do g\u0142\u0119boko\u015bci 300 m.<\/p>\n<\/div>\n<div>\n<ul>\n<li>Wyposa\u017cenie operatora zawarte w pojedynczej walizce lotniczej.<\/li>\n<li>Obejmuje zasilacz, jednostk\u0119 sterowania r\u0119cznego, monitor z ekranem dotykowym i klawiatur\u0119 bezprzewodow\u0105.<\/li>\n<li>Zapewnia kontrol\u0119 zasilania i telemetrii poprzez konfigurowalne uk\u0142ady ekran\u00f3w.<\/li>\n<li>Opcje \u015bwiat\u0142owodowe lub skr\u0119tka do transmisji danych i wideo.<\/li>\n<li>Opcjonalne r\u0119czne szpule kablowe i wci\u0105garki elektryczne do rozmieszczania na pojazdach.<\/li>\n<li>Standardowy (300m) lub g\u0142\u0119boki (1000m) ROV wyposa\u017cony w pi\u0119\u0107 p\u0119dnik\u00f3w, skrzynk\u0119 przy\u0142\u0105czeniow\u0105 pojazdu, dwa \u015bwiat\u0142a LED, kolorow\u0105 kamer\u0119 o wysokiej rozdzielczo\u015bci oraz panel nawigacyjny zapewniaj\u0105cy automatyczn\u0105 g\u0142\u0119boko\u015b\u0107 i automatyczny kurs.<\/li>\n<li>Wymaga jednofazowego zasilania 110\/230 VAC.<\/li>\n<\/ul>\n<\/div>\n<p><img decoding=\"async\" src=\"\/wp-content\/uploads\/2021\/09\/falcon-zestaw.jpg\" alt=\"\"><\/p>\n<p>\n    <a href=\"https:\/\/www.saabseaeye.com\/uploads\/falcon-rev18-(s).pdf\">Karta katalogowa <\/a>\n<\/p>\n<p><!--more--><br \/>\n<!-- {\"type\":\"layout\",\"children\":[{\"type\":\"section\",\"props\":{\"style\":\"default\",\"width\":\"default\",\"vertical_align\":\"middle\",\"title_position\":\"top-left\",\"title_rotation\":\"left\",\"title_breakpoint\":\"xl\",\"image_position\":\"center-center\"},\"children\":[{\"type\":\"row\",\"children\":[{\"type\":\"column\",\"props\":{\"image_position\":\"center-center\",\"media_overlay_gradient\":\"\"},\"children\":[{\"type\":\"headline\",\"props\":{\"title_element\":\"h1\",\"content\":\"\n\n<h1 class=\\\"uk-article-title\\\">Pojazd podwodny Saab Seaeye Falcon<\\\/h1>\"}},{\"type\":\"divider\",\"props\":{\"divider_element\":\"hr\"}}]}]}]},{\"type\":\"section\",\"props\":{\"style\":\"default\",\"width\":\"default\",\"vertical_align\":\"middle\",\"title_position\":\"top-left\",\"title_rotation\":\"left\",\"title_breakpoint\":\"xl\",\"image_position\":\"center-center\"},\"children\":[{\"type\":\"row\",\"props\":{\"layout\":\"1-3,1-3,1-3\"},\"children\":[{\"type\":\"column\",\"props\":{\"image_position\":\"center-center\",\"media_overlay_gradient\":\"\",\"width_medium\":\"1-3\"},\"children\":[{\"type\":\"image\",\"props\":{\"margin\":\"default\",\"image_svg_color\":\"emphasis\",\"image\":\"wp-content\\\/uploads\\\/2021\\\/09\\\/img-1.jpg\"}}]},{\"type\":\"column\",\"props\":{\"image_position\":\"center-center\",\"media_overlay_gradient\":\"\",\"width_medium\":\"1-3\"},\"children\":[{\"type\":\"image\",\"props\":{\"margin\":\"default\",\"image_svg_color\":\"emphasis\",\"image\":\"wp-content\\\/uploads\\\/2021\\\/09\\\/img-_1_.jpg\"}}]},{\"type\":\"column\",\"props\":{\"image_position\":\"center-center\",\"media_overlay_gradient\":\"\",\"width_medium\":\"1-3\"},\"children\":[{\"type\":\"image\",\"props\":{\"margin\":\"default\",\"image_svg_color\":\"emphasis\",\"image\":\"wp-content\\\/uploads\\\/2021\\\/09\\\/img-_2_.jpg\"}}]}]}]},{\"type\":\"section\",\"props\":{\"style\":\"default\",\"width\":\"default\",\"vertical_align\":\"middle\",\"title_position\":\"top-left\",\"title_rotation\":\"left\",\"title_breakpoint\":\"xl\",\"image_position\":\"center-center\"},\"children\":[{\"type\":\"row\",\"children\":[{\"type\":\"column\",\"props\":{\"image_position\":\"center-center\",\"media_overlay_gradient\":\"\"},\"children\":[{\"type\":\"text\",\"props\":{\"margin\":\"default\",\"column_breakpoint\":\"m\",\"content\":\"\n\n<p>Pojazd podwodny Falcon jest najbardziej popularnym\\u00a0 systemem w swojej klasie i zosta\\u0142a sprawdzona w wielu skomplikowanych i wymagaj\\u0105cych misjach w wielu sektorach.<\\\/p>\\n\n\n<p>Wyposa\\u017cony w zaawansowany system inteligentnego sterowania iCON\\u2122 firmy Saab Seaeye, Falcon zapewnia wyj\\u0105tkow\\u0105 kontrol\\u0119 nad pojazdem i dane diagnostyczne, jak r\\u00f3wnie\\u017c mo\\u017cliwo\\u015b\\u0107 dostosowania wy\\u015bwietlacza pilota i w\\u0142\\u0105czenia takich funkcji jak utrzymywanie pozycji.<\\\/p>\\n\n\n<p>Falcon jest lekki, ma zaledwie jeden metr d\\u0142ugo\\u015bci i jest przystosowany do g\\u0142\\u0119boko\\u015bci 300 m.<\\\/p>\"}}]}]}]},{\"type\":\"section\",\"props\":{\"style\":\"default\",\"width\":\"default\",\"vertical_align\":\"middle\",\"title_position\":\"top-left\",\"title_rotation\":\"left\",\"title_breakpoint\":\"xl\",\"image_position\":\"center-center\"},\"children\":[{\"type\":\"row\",\"props\":{\"layout\":\"1-2,1-2\"},\"children\":[{\"type\":\"column\",\"props\":{\"image_position\":\"center-center\",\"media_overlay_gradient\":\"\",\"width_medium\":\"1-2\"},\"children\":[{\"type\":\"text\",\"props\":{\"margin\":\"default\",\"column_breakpoint\":\"m\",\"content\":\"\n\n<ul>\\n\n\n<li>Wyposa\\u017cenie operatora zawarte w pojedynczej walizce lotniczej.<\\\/li>\\n\n\n<li>Obejmuje zasilacz, jednostk\\u0119 sterowania r\\u0119cznego, monitor z ekranem dotykowym i klawiatur\\u0119 bezprzewodow\\u0105.<\\\/li>\\n\n\n<li>Zapewnia kontrol\\u0119 zasilania i telemetrii poprzez konfigurowalne uk\\u0142ady ekran\\u00f3w.<\\\/li>\\n\n\n<li>Opcje \\u015bwiat\\u0142owodowe lub skr\\u0119tka do transmisji danych i wideo.<\\\/li>\\n\n\n<li>Opcjonalne r\\u0119czne szpule kablowe i wci\\u0105garki elektryczne do rozmieszczania na pojazdach.<\\\/li>\\n\n\n<li>Standardowy (300m) lub g\\u0142\\u0119boki (1000m) ROV wyposa\\u017cony w pi\\u0119\\u0107 p\\u0119dnik\\u00f3w, skrzynk\\u0119 przy\\u0142\\u0105czeniow\\u0105 pojazdu, dwa \\u015bwiat\\u0142a LED, kolorow\\u0105 kamer\\u0119 o wysokiej rozdzielczo\\u015bci oraz panel nawigacyjny zapewniaj\\u0105cy automatyczn\\u0105 g\\u0142\\u0119boko\\u015b\\u0107 i automatyczny kurs.<\\\/li>\\n\n\n<li>Wymaga jednofazowego zasilania 110\\\/230 VAC.<\\\/li>\\n<\\\/ul>\"}}]},{\"type\":\"column\",\"props\":{\"image_position\":\"center-center\",\"media_overlay_gradient\":\"\",\"width_medium\":\"1-2\"},\"children\":[{\"type\":\"image\",\"props\":{\"margin\":\"default\",\"image_svg_color\":\"emphasis\",\"image\":\"wp-content\\\/uploads\\\/2021\\\/09\\\/falcon-zestaw.jpg\"}}]}]}]},{\"type\":\"section\",\"props\":{\"style\":\"default\",\"width\":\"default\",\"vertical_align\":\"middle\",\"title_position\":\"top-left\",\"title_rotation\":\"left\",\"title_breakpoint\":\"xl\",\"image_position\":\"center-center\"},\"children\":[{\"type\":\"row\",\"children\":[{\"type\":\"column\",\"props\":{\"image_position\":\"center-center\",\"media_overlay_gradient\":\"\"},\"children\":[{\"type\":\"button\",\"props\":{\"grid_column_gap\":\"small\",\"grid_row_gap\":\"small\",\"margin\":\"default\",\"text_align\":\"center\"},\"children\":[{\"type\":\"button_item\",\"props\":{\"button_style\":\"default\",\"icon_align\":\"left\",\"content\":\"Karta katalogowa \",\"link\":\"https:\\\/\\\/www.saabseaeye.com\\\/uploads\\\/falcon-rev18-(s).pdf\"}}]}]}]}]}],\"version\":\"2.4.14\"} --><\/p>\n","protected":false},"excerpt":{"rendered":"<p>Pojazd podwodny Saab Seaeye Falcon Pojazd podwodny Falcon jest najbardziej popularnym\u00a0 systemem w swojej klasie i zosta\u0142a sprawdzona w wielu skomplikowanych i wymagaj\u0105cych misjach w wielu sektorach. Wyposa\u017cony w zaawansowany system inteligentnego sterowania iCON&#x2122; firmy Saab Seaeye, Falcon zapewnia wyj\u0105tkow\u0105 kontrol\u0119 nad pojazdem i dane diagnostyczne, jak r\u00f3wnie\u017c mo\u017cliwo\u015b\u0107 dostosowania wy\u015bwietlacza pilota i w\u0142\u0105czenia takich [&hellip;]<\/p>\n","protected":false},"author":10,"featured_media":0,"parent":0,"menu_order":0,"comment_status":"closed","ping_status":"closed","template":"","meta":{"footnotes":""},"class_list":["post-9763","page","type-page","status-publish","hentry"],"yoast_head":"<!-- This site is optimized with the Yoast SEO plugin v27.6 - https:\/\/yoast.com\/product\/yoast-seo-wordpress\/ -->\n<title>Pojazd podwodny Saab Seaeye Falcon - ESCORT TECHNOLOGY<\/title>\n<meta name=\"robots\" content=\"index, follow, max-snippet:-1, max-image-preview:large, max-video-preview:-1\" \/>\n<link rel=\"canonical\" href=\"http:\/\/escort-technology.com\/pl\/de\/pojazd-podwodny-saab-seaeye-falcon\/\" \/>\n<meta property=\"og:locale\" content=\"pl_PL\" \/>\n<meta property=\"og:type\" content=\"article\" \/>\n<meta property=\"og:title\" content=\"Pojazd podwodny Saab Seaeye Falcon - ESCORT TECHNOLOGY\" \/>\n<meta property=\"og:description\" content=\"Pojazd podwodny Saab Seaeye Falcon Pojazd podwodny Falcon jest najbardziej popularnym\u00a0 systemem w swojej klasie i zosta\u0142a sprawdzona w wielu skomplikowanych i wymagaj\u0105cych misjach w wielu sektorach. Wyposa\u017cony w zaawansowany system inteligentnego sterowania iCON&#x2122; firmy Saab Seaeye, Falcon zapewnia wyj\u0105tkow\u0105 kontrol\u0119 nad pojazdem i dane diagnostyczne, jak r\u00f3wnie\u017c mo\u017cliwo\u015b\u0107 dostosowania wy\u015bwietlacza pilota i w\u0142\u0105czenia takich [&hellip;]\" \/>\n<meta property=\"og:url\" content=\"http:\/\/escort-technology.com\/pl\/de\/pojazd-podwodny-saab-seaeye-falcon\/\" \/>\n<meta property=\"og:site_name\" content=\"ESCORT TECHNOLOGY\" \/>\n<meta property=\"article:publisher\" content=\"https:\/\/www.facebook.com\/elektronika.morska\/\" \/>\n<meta property=\"article:modified_time\" content=\"2021-09-24T12:43:39+00:00\" \/>\n<meta property=\"og:image\" content=\"https:\/\/escort-technology.com\/wp-content\/uploads\/2021\/09\/img-1.jpg\" \/>\n<meta name=\"twitter:card\" content=\"summary_large_image\" \/>\n<meta name=\"twitter:label1\" content=\"Szacowany czas czytania\" \/>\n\t<meta name=\"twitter:data1\" content=\"1 minuta\" \/>\n<script type=\"application\/ld+json\" class=\"yoast-schema-graph\">{\"@context\":\"https:\\\/\\\/schema.org\",\"@graph\":[{\"@type\":\"WebPage\",\"@id\":\"http:\\\/\\\/escort-technology.com\\\/de\\\/pojazd-podwodny-saab-seaeye-falcon\\\/\",\"url\":\"http:\\\/\\\/escort-technology.com\\\/de\\\/pojazd-podwodny-saab-seaeye-falcon\\\/\",\"name\":\"Pojazd podwodny Saab Seaeye Falcon - ESCORT TECHNOLOGY\",\"isPartOf\":{\"@id\":\"http:\\\/\\\/escort-technology.com\\\/de\\\/#website\"},\"datePublished\":\"2021-09-24T11:51:19+00:00\",\"dateModified\":\"2021-09-24T12:43:39+00:00\",\"breadcrumb\":{\"@id\":\"http:\\\/\\\/escort-technology.com\\\/de\\\/pojazd-podwodny-saab-seaeye-falcon\\\/#breadcrumb\"},\"inLanguage\":\"pl-PL\",\"potentialAction\":[{\"@type\":\"ReadAction\",\"target\":[\"http:\\\/\\\/escort-technology.com\\\/de\\\/pojazd-podwodny-saab-seaeye-falcon\\\/\"]}]},{\"@type\":\"BreadcrumbList\",\"@id\":\"http:\\\/\\\/escort-technology.com\\\/de\\\/pojazd-podwodny-saab-seaeye-falcon\\\/#breadcrumb\",\"itemListElement\":[{\"@type\":\"ListItem\",\"position\":1,\"name\":\"Strona g\u0142\u00f3wna\",\"item\":\"https:\\\/\\\/escort-technology.com\\\/\"},{\"@type\":\"ListItem\",\"position\":2,\"name\":\"Pojazd podwodny Saab Seaeye Falcon\"}]},{\"@type\":\"WebSite\",\"@id\":\"http:\\\/\\\/escort-technology.com\\\/de\\\/#website\",\"url\":\"http:\\\/\\\/escort-technology.com\\\/de\\\/\",\"name\":\"ESCORT TECHNOLOGY\",\"description\":\"Elektronika morska i l\u0105dowa\",\"publisher\":{\"@id\":\"http:\\\/\\\/escort-technology.com\\\/de\\\/#organization\"},\"potentialAction\":[{\"@type\":\"SearchAction\",\"target\":{\"@type\":\"EntryPoint\",\"urlTemplate\":\"http:\\\/\\\/escort-technology.com\\\/de\\\/?s={search_term_string}\"},\"query-input\":{\"@type\":\"PropertyValueSpecification\",\"valueRequired\":true,\"valueName\":\"search_term_string\"}}],\"inLanguage\":\"pl-PL\"},{\"@type\":\"Organization\",\"@id\":\"http:\\\/\\\/escort-technology.com\\\/de\\\/#organization\",\"name\":\"ESCORT TECHNOLOGY\",\"url\":\"http:\\\/\\\/escort-technology.com\\\/de\\\/\",\"logo\":{\"@type\":\"ImageObject\",\"inLanguage\":\"pl-PL\",\"@id\":\"http:\\\/\\\/escort-technology.com\\\/de\\\/#\\\/schema\\\/logo\\\/image\\\/\",\"url\":\"https:\\\/\\\/escort-technology.com\\\/wp-content\\\/uploads\\\/logo-1.jpg\",\"contentUrl\":\"https:\\\/\\\/escort-technology.com\\\/wp-content\\\/uploads\\\/logo-1.jpg\",\"width\":600,\"height\":165,\"caption\":\"ESCORT TECHNOLOGY\"},\"image\":{\"@id\":\"http:\\\/\\\/escort-technology.com\\\/de\\\/#\\\/schema\\\/logo\\\/image\\\/\"},\"sameAs\":[\"https:\\\/\\\/www.facebook.com\\\/elektronika.morska\\\/\",\"https:\\\/\\\/www.linkedin.com\\\/company\\\/escort-sp-z-o-o-\\\/\"]}]}<\/script>\n<!-- \/ Yoast SEO plugin. -->","yoast_head_json":{"title":"Pojazd podwodny Saab Seaeye Falcon - ESCORT TECHNOLOGY","robots":{"index":"index","follow":"follow","max-snippet":"max-snippet:-1","max-image-preview":"max-image-preview:large","max-video-preview":"max-video-preview:-1"},"canonical":"http:\/\/escort-technology.com\/pl\/de\/pojazd-podwodny-saab-seaeye-falcon\/","og_locale":"pl_PL","og_type":"article","og_title":"Pojazd podwodny Saab Seaeye Falcon - ESCORT TECHNOLOGY","og_description":"Pojazd podwodny Saab Seaeye Falcon Pojazd podwodny Falcon jest najbardziej popularnym\u00a0 systemem w swojej klasie i zosta\u0142a sprawdzona w wielu skomplikowanych i wymagaj\u0105cych misjach w wielu sektorach. Wyposa\u017cony w zaawansowany system inteligentnego sterowania iCON&#x2122; firmy Saab Seaeye, Falcon zapewnia wyj\u0105tkow\u0105 kontrol\u0119 nad pojazdem i dane diagnostyczne, jak r\u00f3wnie\u017c mo\u017cliwo\u015b\u0107 dostosowania wy\u015bwietlacza pilota i w\u0142\u0105czenia takich [&hellip;]","og_url":"http:\/\/escort-technology.com\/pl\/de\/pojazd-podwodny-saab-seaeye-falcon\/","og_site_name":"ESCORT TECHNOLOGY","article_publisher":"https:\/\/www.facebook.com\/elektronika.morska\/","article_modified_time":"2021-09-24T12:43:39+00:00","og_image":[{"url":"https:\/\/escort-technology.com\/wp-content\/uploads\/2021\/09\/img-1.jpg","type":"","width":"","height":""}],"twitter_card":"summary_large_image","twitter_misc":{"Szacowany czas czytania":"1 minuta"},"schema":{"@context":"https:\/\/schema.org","@graph":[{"@type":"WebPage","@id":"http:\/\/escort-technology.com\/de\/pojazd-podwodny-saab-seaeye-falcon\/","url":"http:\/\/escort-technology.com\/de\/pojazd-podwodny-saab-seaeye-falcon\/","name":"Pojazd podwodny Saab Seaeye Falcon - ESCORT TECHNOLOGY","isPartOf":{"@id":"http:\/\/escort-technology.com\/de\/#website"},"datePublished":"2021-09-24T11:51:19+00:00","dateModified":"2021-09-24T12:43:39+00:00","breadcrumb":{"@id":"http:\/\/escort-technology.com\/de\/pojazd-podwodny-saab-seaeye-falcon\/#breadcrumb"},"inLanguage":"pl-PL","potentialAction":[{"@type":"ReadAction","target":["http:\/\/escort-technology.com\/de\/pojazd-podwodny-saab-seaeye-falcon\/"]}]},{"@type":"BreadcrumbList","@id":"http:\/\/escort-technology.com\/de\/pojazd-podwodny-saab-seaeye-falcon\/#breadcrumb","itemListElement":[{"@type":"ListItem","position":1,"name":"Strona g\u0142\u00f3wna","item":"https:\/\/escort-technology.com\/"},{"@type":"ListItem","position":2,"name":"Pojazd podwodny Saab Seaeye Falcon"}]},{"@type":"WebSite","@id":"http:\/\/escort-technology.com\/de\/#website","url":"http:\/\/escort-technology.com\/de\/","name":"ESCORT TECHNOLOGY","description":"Elektronika morska i l\u0105dowa","publisher":{"@id":"http:\/\/escort-technology.com\/de\/#organization"},"potentialAction":[{"@type":"SearchAction","target":{"@type":"EntryPoint","urlTemplate":"http:\/\/escort-technology.com\/de\/?s={search_term_string}"},"query-input":{"@type":"PropertyValueSpecification","valueRequired":true,"valueName":"search_term_string"}}],"inLanguage":"pl-PL"},{"@type":"Organization","@id":"http:\/\/escort-technology.com\/de\/#organization","name":"ESCORT TECHNOLOGY","url":"http:\/\/escort-technology.com\/de\/","logo":{"@type":"ImageObject","inLanguage":"pl-PL","@id":"http:\/\/escort-technology.com\/de\/#\/schema\/logo\/image\/","url":"https:\/\/escort-technology.com\/wp-content\/uploads\/logo-1.jpg","contentUrl":"https:\/\/escort-technology.com\/wp-content\/uploads\/logo-1.jpg","width":600,"height":165,"caption":"ESCORT TECHNOLOGY"},"image":{"@id":"http:\/\/escort-technology.com\/de\/#\/schema\/logo\/image\/"},"sameAs":["https:\/\/www.facebook.com\/elektronika.morska\/","https:\/\/www.linkedin.com\/company\/escort-sp-z-o-o-\/"]}]}},"_links":{"self":[{"href":"https:\/\/escort-technology.com\/pl\/wp-json\/wp\/v2\/pages\/9763","targetHints":{"allow":["GET"]}}],"collection":[{"href":"https:\/\/escort-technology.com\/pl\/wp-json\/wp\/v2\/pages"}],"about":[{"href":"https:\/\/escort-technology.com\/pl\/wp-json\/wp\/v2\/types\/page"}],"author":[{"embeddable":true,"href":"https:\/\/escort-technology.com\/pl\/wp-json\/wp\/v2\/users\/10"}],"replies":[{"embeddable":true,"href":"https:\/\/escort-technology.com\/pl\/wp-json\/wp\/v2\/comments?post=9763"}],"version-history":[{"count":7,"href":"https:\/\/escort-technology.com\/pl\/wp-json\/wp\/v2\/pages\/9763\/revisions"}],"predecessor-version":[{"id":9773,"href":"https:\/\/escort-technology.com\/pl\/wp-json\/wp\/v2\/pages\/9763\/revisions\/9773"}],"wp:attachment":[{"href":"https:\/\/escort-technology.com\/pl\/wp-json\/wp\/v2\/media?parent=9763"}],"curies":[{"name":"wp","href":"https:\/\/api.w.org\/{rel}","templated":true}]}}