{"id":9792,"date":"2021-09-29T08:27:10","date_gmt":"2021-09-29T06:27:10","guid":{"rendered":"https:\/\/escort-technology.com\/?page_id=9792"},"modified":"2021-09-29T09:02:38","modified_gmt":"2021-09-29T07:02:38","slug":"pojazd-podwodny-auv-kongsberg-hugin-superior","status":"publish","type":"page","link":"https:\/\/escort-technology.com\/pl\/pojazd-podwodny-auv-kongsberg-hugin-superior\/","title":{"rendered":"Pojazd podwodny AUV Kongsberg HUGIN SUPERIOR"},"content":{"rendered":"<h1>\n<h1 class=\"uk-article-title\">Pojazd podwodny AUV Kongsberg HUGIN SUPERIOR<\/h1>\n<\/h1>\n<hr>\n<p><img decoding=\"async\" src=\"\/wp-content\/uploads\/2021\/09\/hugin_sup_web.jpg\" alt=\"\"><\/p>\n<div>\n<h3>HUGIN Superior AUV System to najbardziej wydajny z dost\u0119pnych na rynku pojazd\u00f3w AUV. Oferuje najlepsz\u0105 jako\u015b\u0107 danych i pokrycie terenu w po\u0142\u0105czeniu z najdok\u0142adniejsz\u0105 nawigacj\u0105 i pozycjonowaniem. Jako kompletny system, HUGIN Superior przenosi wi\u0119cej czujnik\u00f3w ni\u017c kiedykolwiek wcze\u015bniej na wi\u0119ksze odleg\u0142o\u015bci, zwi\u0119kszaj\u0105c wydajno\u015b\u0107 i efektywno\u015b\u0107 kosztow\u0105. HUGIN Superior to po prostu najlepszy pojazd AUV jaki mo\u017cesz mie\u0107.<\/h3>\n<\/div>\n<p><iframe src=\"https:\/\/youtu.be\/RAxYMa4hkNM\"><\/iframe><\/p>\n<div>\n<p><strong>WSZECHSTRONNA KONFIGURACJA<\/strong><\/p>\n<p>Hugin Superior to obecnie najbardziej wszechstronny pojazd AUV. W zwi\u0105zku z tym zestaw czujnik\u00f3w\u00a0 jest sta\u0142y. Obejmuje on podw\u00f3jny odbiornik HISAS 1032, EM2040 Mk2, kamer\u0119, profiler laserowy, profiler poddenny, magnetometr oraz czujniki metanu, dwutlenku w\u0119gla, tlenu i inne.<\/p>\n<p>Hugin Superior jest r\u00f3wnie\u017c wyposa\u017cony w najnowsze funkcje, w tym autonomiczne \u015bledzenie ruroci\u0105g\u00f3w, nawigacj\u0119 terenow\u0105 i nawigacj\u0119 z wykorzystaniem protoko\u0142u pojedynczego podwodnego transpondera.<\/p>\n<p>Nawigacja podczas misji zosta\u0142a ulepszona dzi\u0119ki wprowadzeniu MicroNavigation, kt\u00f3ra poprawia dok\u0142adno\u015b\u0107 w czasie rzeczywistym do poziomu lepszego ni\u017c 0,04% przebytej odleg\u0142o\u015bci.<\/p>\n<p><strong>NAJWA\u017bNIEJSZE CECHY<\/strong><\/p>\n<ul>\n<li>Najbardziej wydajny z dost\u0119pnych pojazd\u00f3w AUV<\/li>\n<li>Zestaw danych o wysokiej rozdzielczo\u015bci dzi\u0119ki echosondom SAS i wielowi\u0105zkowym nowej generacji<\/li>\n<li>Wi\u0119ksze pokrycie obszaru dzi\u0119ki czujnikom dalekiego zasi\u0119gu<\/li>\n<li>Ulepszona nawigacja dzi\u0119ki systemowi MicroNavigation, kt\u00f3ry zapewnia dok\u0142adno\u015b\u0107 lepsz\u0105 ni\u017c 0,04% przebytej odleg\u0142o\u015bci<br \/>30% wi\u0119ksza g\u0119sto\u015b\u0107 energii dla wi\u0119kszej wytrzyma\u0142o\u015bci<\/li>\n<li>Wi\u0119ksza wydajno\u015b\u0107 dzi\u0119ki szerszemu pokryciu obszaru, d\u0142u\u017cszemu efektywnemu czasowi bada\u0144 i szybszemu dost\u0119powi do danych<\/li>\n<\/ul>\n<p><strong>ZASTOSOWANIA KOMERCYJNE<\/strong><\/p>\n<ul>\n<li>Szybkie mapowanie i obrazowanie dna morskiego w wysokiej rozdzielczo\u015bci<\/li>\n<li>Geofizyczna inspekcja terenu<\/li>\n<li>Kontrola ruroci\u0105g\u00f3w i konstrukcji podmorskich<\/li>\n<li>Badania oceanograficzne<\/li>\n<li>Monitorowanie \u015brodowiska<\/li>\n<li>Morskie badania geologiczne<\/li>\n<li>Operacje poszukiwawcze<\/li>\n<\/ul>\n<p><strong>ZASTOSOWANIA OBRONNE<\/strong><\/p>\n<ul>\n<li>Przeciwdzia\u0142anie minom &#8211; MCM<\/li>\n<li>Szybka ocena oddzia\u0142ywania na \u015brodowisko &#8211; REA<\/li>\n<li>Wywiad, obserwacja i rozpoznanie &#8211; ISR (Intelligence, surveillance and reconnaissance)<\/li>\n<\/ul>\n<p>I wi\u0119cej &#8230;<\/p>\n<p><strong>SPECYFIKACJE<\/strong><\/p>\n<p><strong>Sprz\u0119t (montowany w standardzie):<\/strong><\/p>\n<ul>\n<li>HISAS 1032 Dual Receiver (podw\u00f3jny odbiornik)<\/li>\n<li>Echosonda wielowi\u0105zkowa EM2040 Mk 2<\/li>\n<li>Kolorowa kamera UHD z obrazem nieruchomym<\/li>\n<li>Profiler laserowy<\/li>\n<li>Czujnik zm\u0119tnienia<\/li>\n<li>Profilometr pod dnem<\/li>\n<li>Magnetometr<\/li>\n<li>Czujnik metanu<\/li>\n<li>Czujnik tlenu rozpuszczonego<\/li>\n<li>Czujnik dwutlenku w\u0119gla<\/li>\n<li>ADCP<\/li>\n<\/ul>\n<\/div>\n<p><img decoding=\"async\" src=\"\/wp-content\/uploads\/2021\/09\/hisas-1032-1000x667-1.jpg\" alt=\"\"><\/p>\n<div>\n<p><strong>PRODUKTYWNO\u015a\u0106<\/strong><br \/>Hugin Superior mo\u017ce osi\u0105gn\u0105\u0107 pokrycie obszaru ~4,5km2 na godzin\u0119 dla zdj\u0119\u0107 dna morskiego i batymetrii. Jest to dodatkowo zwi\u0119kszone dzi\u0119ki d\u0142u\u017cszym czasom trwania misji i szybkim zwrotom na pok\u0142adzie. Wyposa\u017cony w niezr\u00f3wnane mo\u017cliwo\u015bci pozycjonowania, Hugin Superior mo\u017ce dzia\u0142a\u0107 w pe\u0142ni autonomicznie, uwalniaj\u0105c statek wsparcia do prowadzenia r\u00f3wnoleg\u0142ych dzia\u0142a\u0144.<\/p>\n<p><strong>KOMPLETNY SYSTEM<\/strong><br \/>Hugin Superior zawiera wszystko, co jest potrzebne do pracy.\u00a0 Konsole operatorskie, \u0142adowarki akumulator\u00f3w, oprogramowanie do analizy po misji i inne elementy s\u0105 zawarte w dw\u00f3ch skrzyniach pok\u0142adowych certyfikowanych zgodnie z normami DNV dla bezpiecznej eksploatacji.<\/p>\n<\/div>\n<p>\n    <a href=\"https:\/\/www.kongsberg.com\/globalassets\/maritime\/km-products\/product-documents\/hugin-superior.pdf\">Karta katalogowa<\/a>\n<\/p>\n<p><!--more--><br \/>\n<!-- {\"type\":\"layout\",\"children\":[{\"type\":\"section\",\"props\":{\"style\":\"default\",\"width\":\"default\",\"vertical_align\":\"middle\",\"title_position\":\"top-left\",\"title_rotation\":\"left\",\"title_breakpoint\":\"xl\",\"image_position\":\"center-center\"},\"children\":[{\"type\":\"row\",\"children\":[{\"type\":\"column\",\"props\":{\"image_position\":\"center-center\",\"media_overlay_gradient\":\"\"},\"children\":[{\"type\":\"headline\",\"props\":{\"title_element\":\"h1\",\"content\":\"\n\n<h1 class=\\\"uk-article-title\\\">Pojazd podwodny AUV Kongsberg HUGIN SUPERIOR<\\\/h1>\"}},{\"type\":\"divider\",\"props\":{\"divider_element\":\"hr\"}}]}]}]},{\"type\":\"section\",\"props\":{\"style\":\"default\",\"width\":\"default\",\"vertical_align\":\"middle\",\"title_position\":\"top-left\",\"title_rotation\":\"left\",\"title_breakpoint\":\"xl\",\"image_position\":\"center-center\"},\"children\":[{\"type\":\"row\",\"children\":[{\"type\":\"column\",\"props\":{\"image_position\":\"center-center\",\"media_overlay_gradient\":\"\"},\"children\":[{\"type\":\"image\",\"props\":{\"margin\":\"default\",\"image_svg_color\":\"emphasis\",\"image\":\"wp-content\\\/uploads\\\/2021\\\/09\\\/hugin_sup_web.jpg\"}},{\"type\":\"text\",\"props\":{\"margin\":\"default\",\"column_breakpoint\":\"m\",\"content\":\"\n\n<h3>HUGIN Superior AUV System to najbardziej wydajny z dost\\u0119pnych na rynku pojazd\\u00f3w AUV. Oferuje najlepsz\\u0105 jako\\u015b\\u0107 danych i pokrycie terenu w po\\u0142\\u0105czeniu z najdok\\u0142adniejsz\\u0105 nawigacj\\u0105 i pozycjonowaniem. Jako kompletny system, HUGIN Superior przenosi wi\\u0119cej czujnik\\u00f3w ni\\u017c kiedykolwiek wcze\\u015bniej na wi\\u0119ksze odleg\\u0142o\\u015bci, zwi\\u0119kszaj\\u0105c wydajno\\u015b\\u0107 i efektywno\\u015b\\u0107 kosztow\\u0105. HUGIN Superior to po prostu najlepszy pojazd AUV jaki mo\\u017cesz mie\\u0107.<\\\/h3>\"}},{\"type\":\"video\",\"props\":{\"video_controls\":true,\"margin\":\"default\",\"video\":\"https:\\\/\\\/youtu.be\\\/RAxYMa4hkNM\",\"text_align\":\"center\",\"video_width\":\"400\"}}]}]}]},{\"type\":\"section\",\"props\":{\"style\":\"default\",\"width\":\"default\",\"vertical_align\":\"middle\",\"title_position\":\"top-left\",\"title_rotation\":\"left\",\"title_breakpoint\":\"xl\",\"image_position\":\"center-center\"},\"children\":[{\"type\":\"row\",\"children\":[{\"type\":\"column\",\"props\":{\"image_position\":\"center-center\",\"media_overlay_gradient\":\"\"},\"children\":[{\"type\":\"text\",\"props\":{\"margin\":\"default\",\"column_breakpoint\":\"m\",\"content\":\"\n\n<p><strong>WSZECHSTRONNA KONFIGURACJA<\\\/strong><\\\/p>\\n\n\n<p><br \\\/>Hugin Superior to obecnie najbardziej wszechstronny pojazd AUV. W zwi\\u0105zku z tym zestaw czujnik\\u00f3w\\u00a0 jest sta\\u0142y. Obejmuje on podw\\u00f3jny odbiornik HISAS 1032, EM2040 Mk2, kamer\\u0119, profiler laserowy, profiler poddenny, magnetometr oraz czujniki metanu, dwutlenku w\\u0119gla, tlenu i inne.<\\\/p>\\n\n\n<p>Hugin Superior jest r\\u00f3wnie\\u017c wyposa\\u017cony w najnowsze funkcje, w tym autonomiczne \\u015bledzenie ruroci\\u0105g\\u00f3w, nawigacj\\u0119 terenow\\u0105 i nawigacj\\u0119 z wykorzystaniem protoko\\u0142u pojedynczego podwodnego transpondera.<\\\/p>\\n\n\n<p>Nawigacja podczas misji zosta\\u0142a ulepszona dzi\\u0119ki wprowadzeniu MicroNavigation, kt\\u00f3ra poprawia dok\\u0142adno\\u015b\\u0107 w czasie rzeczywistym do poziomu lepszego ni\\u017c 0,04% przebytej odleg\\u0142o\\u015bci.<\\\/p>\\n\n\n<p><strong>NAJWA\\u017bNIEJSZE CECHY<\\\/strong><\\\/p>\\n\n\n<ul>\\n\n\n<li>Najbardziej wydajny z dost\\u0119pnych pojazd\\u00f3w AUV<\\\/li>\\n\n\n<li>Zestaw danych o wysokiej rozdzielczo\\u015bci dzi\\u0119ki echosondom SAS i wielowi\\u0105zkowym nowej generacji<\\\/li>\\n\n\n<li>Wi\\u0119ksze pokrycie obszaru dzi\\u0119ki czujnikom dalekiego zasi\\u0119gu<\\\/li>\\n\n\n<li>Ulepszona nawigacja dzi\\u0119ki systemowi MicroNavigation, kt\\u00f3ry zapewnia dok\\u0142adno\\u015b\\u0107 lepsz\\u0105 ni\\u017c 0,04% przebytej odleg\\u0142o\\u015bci<br \\\/>30% wi\\u0119ksza g\\u0119sto\\u015b\\u0107 energii dla wi\\u0119kszej wytrzyma\\u0142o\\u015bci<\\\/li>\\n\n\n<li>Wi\\u0119ksza wydajno\\u015b\\u0107 dzi\\u0119ki szerszemu pokryciu obszaru, d\\u0142u\\u017cszemu efektywnemu czasowi bada\\u0144 i szybszemu dost\\u0119powi do danych<\\\/li>\\n<\\\/ul>\\n\n\n<p><strong>ZASTOSOWANIA KOMERCYJNE<\\\/strong><\\\/p>\\n\n\n<ul>\\n\n\n<li>Szybkie mapowanie i obrazowanie dna morskiego w wysokiej rozdzielczo\\u015bci<\\\/li>\\n\n\n<li>Geofizyczna inspekcja terenu<\\\/li>\\n\n\n<li>Kontrola ruroci\\u0105g\\u00f3w i konstrukcji podmorskich<\\\/li>\\n\n\n<li>Badania oceanograficzne<\\\/li>\\n\n\n<li>Monitorowanie \\u015brodowiska<\\\/li>\\n\n\n<li>Morskie badania geologiczne<\\\/li>\\n\n\n<li>Operacje poszukiwawcze<\\\/li>\\n<\\\/ul>\\n\n\n<p><strong>ZASTOSOWANIA OBRONNE<\\\/strong><\\\/p>\\n\n\n<ul>\\n\n\n<li>Przeciwdzia\\u0142anie minom - MCM<\\\/li>\\n\n\n<li>Szybka ocena oddzia\\u0142ywania na \\u015brodowisko - REA<\\\/li>\\n\n\n<li>Wywiad, obserwacja i rozpoznanie - ISR (Intelligence, surveillance and reconnaissance)<\\\/li>\\n<\\\/ul>\\n\n\n<p>I wi\\u0119cej ...<\\\/p>\\n\n\n<p><strong>SPECYFIKACJE<\\\/strong><\\\/p>\\n\n\n<p><strong>Sprz\\u0119t (montowany w standardzie):<\\\/strong><\\\/p>\\n\n\n<ul>\\n\n\n<li>HISAS 1032 Dual Receiver (podw\\u00f3jny odbiornik)<\\\/li>\\n\n\n<li>Echosonda wielowi\\u0105zkowa EM2040 Mk 2<\\\/li>\\n\n\n<li>Kolorowa kamera UHD z obrazem nieruchomym<\\\/li>\\n\n\n<li>Profiler laserowy<\\\/li>\\n\n\n<li>Czujnik zm\\u0119tnienia<\\\/li>\\n\n\n<li>Profilometr pod dnem<\\\/li>\\n\n\n<li>Magnetometr<\\\/li>\\n\n\n<li>Czujnik metanu<\\\/li>\\n\n\n<li>Czujnik tlenu rozpuszczonego<\\\/li>\\n\n\n<li>Czujnik dwutlenku w\\u0119gla<\\\/li>\\n\n\n<li>ADCP<\\\/li>\\n<\\\/ul>\"}},{\"type\":\"image\",\"props\":{\"margin\":\"default\",\"image_svg_color\":\"emphasis\",\"image\":\"wp-content\\\/uploads\\\/2021\\\/09\\\/hisas-1032-1000x667-1.jpg\",\"text_align\":\"center\"}},{\"type\":\"text\",\"props\":{\"margin\":\"default\",\"column_breakpoint\":\"m\",\"content\":\"\n\n<p><strong>PRODUKTYWNO\\u015a\\u0106<\\\/strong><br \\\/>Hugin Superior mo\\u017ce osi\\u0105gn\\u0105\\u0107 pokrycie obszaru ~4,5km2 na godzin\\u0119 dla zdj\\u0119\\u0107 dna morskiego i batymetrii. Jest to dodatkowo zwi\\u0119kszone dzi\\u0119ki d\\u0142u\\u017cszym czasom trwania misji i szybkim zwrotom na pok\\u0142adzie. Wyposa\\u017cony w niezr\\u00f3wnane mo\\u017cliwo\\u015bci pozycjonowania, Hugin Superior mo\\u017ce dzia\\u0142a\\u0107 w pe\\u0142ni autonomicznie, uwalniaj\\u0105c statek wsparcia do prowadzenia r\\u00f3wnoleg\\u0142ych dzia\\u0142a\\u0144.<\\\/p>\\n\n\n<p><strong>KOMPLETNY SYSTEM<\\\/strong><br \\\/>Hugin Superior zawiera wszystko, co jest potrzebne do pracy.\\u00a0 Konsole operatorskie, \\u0142adowarki akumulator\\u00f3w, oprogramowanie do analizy po misji i inne elementy s\\u0105 zawarte w dw\\u00f3ch skrzyniach pok\\u0142adowych certyfikowanych zgodnie z normami DNV dla bezpiecznej eksploatacji.<\\\/p>\"}},{\"type\":\"button\",\"props\":{\"grid_column_gap\":\"small\",\"grid_row_gap\":\"small\",\"margin\":\"default\",\"text_align\":\"center\"},\"children\":[{\"type\":\"button_item\",\"props\":{\"button_style\":\"default\",\"icon_align\":\"left\",\"link\":\"https:\\\/\\\/www.kongsberg.com\\\/globalassets\\\/maritime\\\/km-products\\\/product-documents\\\/hugin-superior.pdf\",\"content\":\"Karta katalogowa\"}}]}]}]}]}],\"version\":\"2.4.14\"} --><\/p>\n","protected":false},"excerpt":{"rendered":"<p>Pojazd podwodny AUV Kongsberg HUGIN SUPERIOR HUGIN Superior AUV System to najbardziej wydajny z dost\u0119pnych na rynku pojazd\u00f3w AUV. Oferuje najlepsz\u0105 jako\u015b\u0107 danych i pokrycie terenu w po\u0142\u0105czeniu z najdok\u0142adniejsz\u0105 nawigacj\u0105 i pozycjonowaniem. Jako kompletny system, HUGIN Superior przenosi wi\u0119cej czujnik\u00f3w ni\u017c kiedykolwiek wcze\u015bniej na wi\u0119ksze odleg\u0142o\u015bci, zwi\u0119kszaj\u0105c wydajno\u015b\u0107 i efektywno\u015b\u0107 kosztow\u0105. HUGIN Superior to [&hellip;]<\/p>\n","protected":false},"author":10,"featured_media":0,"parent":0,"menu_order":0,"comment_status":"closed","ping_status":"closed","template":"","meta":{"footnotes":""},"class_list":["post-9792","page","type-page","status-publish","hentry"],"yoast_head":"<!-- This site is optimized with the Yoast SEO plugin v27.5 - https:\/\/yoast.com\/product\/yoast-seo-wordpress\/ -->\n<title>Pojazd podwodny AUV Kongsberg HUGIN SUPERIOR - ESCORT TECHNOLOGY<\/title>\n<meta name=\"robots\" content=\"index, follow, max-snippet:-1, max-image-preview:large, max-video-preview:-1\" \/>\n<link rel=\"canonical\" href=\"https:\/\/escort-technology.com\/pl\/pojazd-podwodny-auv-kongsberg-hugin-superior\/\" \/>\n<meta property=\"og:locale\" content=\"pl_PL\" \/>\n<meta property=\"og:type\" content=\"article\" \/>\n<meta property=\"og:title\" content=\"Pojazd podwodny AUV Kongsberg HUGIN SUPERIOR - ESCORT TECHNOLOGY\" \/>\n<meta property=\"og:description\" content=\"Pojazd podwodny AUV Kongsberg HUGIN SUPERIOR HUGIN Superior AUV System to najbardziej wydajny z dost\u0119pnych na rynku pojazd\u00f3w AUV. Oferuje najlepsz\u0105 jako\u015b\u0107 danych i pokrycie terenu w po\u0142\u0105czeniu z najdok\u0142adniejsz\u0105 nawigacj\u0105 i pozycjonowaniem. Jako kompletny system, HUGIN Superior przenosi wi\u0119cej czujnik\u00f3w ni\u017c kiedykolwiek wcze\u015bniej na wi\u0119ksze odleg\u0142o\u015bci, zwi\u0119kszaj\u0105c wydajno\u015b\u0107 i efektywno\u015b\u0107 kosztow\u0105. HUGIN Superior to [&hellip;]\" \/>\n<meta property=\"og:url\" content=\"https:\/\/escort-technology.com\/pl\/pojazd-podwodny-auv-kongsberg-hugin-superior\/\" \/>\n<meta property=\"og:site_name\" content=\"ESCORT TECHNOLOGY\" \/>\n<meta property=\"article:publisher\" content=\"https:\/\/www.facebook.com\/elektronika.morska\/\" \/>\n<meta property=\"article:modified_time\" content=\"2021-09-29T07:02:38+00:00\" \/>\n<meta property=\"og:image\" content=\"https:\/\/escort-technology.com\/wp-content\/uploads\/2021\/09\/hugin_sup_web.jpg\" \/>\n<meta name=\"twitter:card\" content=\"summary_large_image\" \/>\n<meta name=\"twitter:label1\" content=\"Szacowany czas czytania\" \/>\n\t<meta name=\"twitter:data1\" content=\"2 minuty\" \/>\n<script type=\"application\/ld+json\" class=\"yoast-schema-graph\">{\"@context\":\"https:\\\/\\\/schema.org\",\"@graph\":[{\"@type\":\"WebPage\",\"@id\":\"https:\\\/\\\/escort-technology.com\\\/pl\\\/pojazd-podwodny-auv-kongsberg-hugin-superior\\\/\",\"url\":\"https:\\\/\\\/escort-technology.com\\\/pl\\\/pojazd-podwodny-auv-kongsberg-hugin-superior\\\/\",\"name\":\"Pojazd podwodny AUV Kongsberg HUGIN SUPERIOR - ESCORT TECHNOLOGY\",\"isPartOf\":{\"@id\":\"http:\\\/\\\/escort-technology.com\\\/de\\\/#website\"},\"datePublished\":\"2021-09-29T06:27:10+00:00\",\"dateModified\":\"2021-09-29T07:02:38+00:00\",\"breadcrumb\":{\"@id\":\"https:\\\/\\\/escort-technology.com\\\/pl\\\/pojazd-podwodny-auv-kongsberg-hugin-superior\\\/#breadcrumb\"},\"inLanguage\":\"pl-PL\",\"potentialAction\":[{\"@type\":\"ReadAction\",\"target\":[\"https:\\\/\\\/escort-technology.com\\\/pl\\\/pojazd-podwodny-auv-kongsberg-hugin-superior\\\/\"]}]},{\"@type\":\"BreadcrumbList\",\"@id\":\"https:\\\/\\\/escort-technology.com\\\/pl\\\/pojazd-podwodny-auv-kongsberg-hugin-superior\\\/#breadcrumb\",\"itemListElement\":[{\"@type\":\"ListItem\",\"position\":1,\"name\":\"Strona g\u0142\u00f3wna\",\"item\":\"https:\\\/\\\/escort-technology.com\\\/\"},{\"@type\":\"ListItem\",\"position\":2,\"name\":\"Pojazd podwodny AUV Kongsberg HUGIN SUPERIOR\"}]},{\"@type\":\"WebSite\",\"@id\":\"http:\\\/\\\/escort-technology.com\\\/de\\\/#website\",\"url\":\"http:\\\/\\\/escort-technology.com\\\/de\\\/\",\"name\":\"ESCORT TECHNOLOGY\",\"description\":\"Elektronika morska i l\u0105dowa\",\"publisher\":{\"@id\":\"http:\\\/\\\/escort-technology.com\\\/de\\\/#organization\"},\"potentialAction\":[{\"@type\":\"SearchAction\",\"target\":{\"@type\":\"EntryPoint\",\"urlTemplate\":\"http:\\\/\\\/escort-technology.com\\\/de\\\/?s={search_term_string}\"},\"query-input\":{\"@type\":\"PropertyValueSpecification\",\"valueRequired\":true,\"valueName\":\"search_term_string\"}}],\"inLanguage\":\"pl-PL\"},{\"@type\":\"Organization\",\"@id\":\"http:\\\/\\\/escort-technology.com\\\/de\\\/#organization\",\"name\":\"ESCORT TECHNOLOGY\",\"url\":\"http:\\\/\\\/escort-technology.com\\\/de\\\/\",\"logo\":{\"@type\":\"ImageObject\",\"inLanguage\":\"pl-PL\",\"@id\":\"http:\\\/\\\/escort-technology.com\\\/de\\\/#\\\/schema\\\/logo\\\/image\\\/\",\"url\":\"https:\\\/\\\/escort-technology.com\\\/wp-content\\\/uploads\\\/logo-1.jpg\",\"contentUrl\":\"https:\\\/\\\/escort-technology.com\\\/wp-content\\\/uploads\\\/logo-1.jpg\",\"width\":600,\"height\":165,\"caption\":\"ESCORT TECHNOLOGY\"},\"image\":{\"@id\":\"http:\\\/\\\/escort-technology.com\\\/de\\\/#\\\/schema\\\/logo\\\/image\\\/\"},\"sameAs\":[\"https:\\\/\\\/www.facebook.com\\\/elektronika.morska\\\/\",\"https:\\\/\\\/www.linkedin.com\\\/company\\\/escort-sp-z-o-o-\\\/\"]}]}<\/script>\n<!-- \/ Yoast SEO plugin. -->","yoast_head_json":{"title":"Pojazd podwodny AUV Kongsberg HUGIN SUPERIOR - ESCORT TECHNOLOGY","robots":{"index":"index","follow":"follow","max-snippet":"max-snippet:-1","max-image-preview":"max-image-preview:large","max-video-preview":"max-video-preview:-1"},"canonical":"https:\/\/escort-technology.com\/pl\/pojazd-podwodny-auv-kongsberg-hugin-superior\/","og_locale":"pl_PL","og_type":"article","og_title":"Pojazd podwodny AUV Kongsberg HUGIN SUPERIOR - ESCORT TECHNOLOGY","og_description":"Pojazd podwodny AUV Kongsberg HUGIN SUPERIOR HUGIN Superior AUV System to najbardziej wydajny z dost\u0119pnych na rynku pojazd\u00f3w AUV. Oferuje najlepsz\u0105 jako\u015b\u0107 danych i pokrycie terenu w po\u0142\u0105czeniu z najdok\u0142adniejsz\u0105 nawigacj\u0105 i pozycjonowaniem. Jako kompletny system, HUGIN Superior przenosi wi\u0119cej czujnik\u00f3w ni\u017c kiedykolwiek wcze\u015bniej na wi\u0119ksze odleg\u0142o\u015bci, zwi\u0119kszaj\u0105c wydajno\u015b\u0107 i efektywno\u015b\u0107 kosztow\u0105. HUGIN Superior to [&hellip;]","og_url":"https:\/\/escort-technology.com\/pl\/pojazd-podwodny-auv-kongsberg-hugin-superior\/","og_site_name":"ESCORT TECHNOLOGY","article_publisher":"https:\/\/www.facebook.com\/elektronika.morska\/","article_modified_time":"2021-09-29T07:02:38+00:00","og_image":[{"url":"https:\/\/escort-technology.com\/wp-content\/uploads\/2021\/09\/hugin_sup_web.jpg","type":"","width":"","height":""}],"twitter_card":"summary_large_image","twitter_misc":{"Szacowany czas czytania":"2 minuty"},"schema":{"@context":"https:\/\/schema.org","@graph":[{"@type":"WebPage","@id":"https:\/\/escort-technology.com\/pl\/pojazd-podwodny-auv-kongsberg-hugin-superior\/","url":"https:\/\/escort-technology.com\/pl\/pojazd-podwodny-auv-kongsberg-hugin-superior\/","name":"Pojazd podwodny AUV Kongsberg HUGIN SUPERIOR - ESCORT TECHNOLOGY","isPartOf":{"@id":"http:\/\/escort-technology.com\/de\/#website"},"datePublished":"2021-09-29T06:27:10+00:00","dateModified":"2021-09-29T07:02:38+00:00","breadcrumb":{"@id":"https:\/\/escort-technology.com\/pl\/pojazd-podwodny-auv-kongsberg-hugin-superior\/#breadcrumb"},"inLanguage":"pl-PL","potentialAction":[{"@type":"ReadAction","target":["https:\/\/escort-technology.com\/pl\/pojazd-podwodny-auv-kongsberg-hugin-superior\/"]}]},{"@type":"BreadcrumbList","@id":"https:\/\/escort-technology.com\/pl\/pojazd-podwodny-auv-kongsberg-hugin-superior\/#breadcrumb","itemListElement":[{"@type":"ListItem","position":1,"name":"Strona g\u0142\u00f3wna","item":"https:\/\/escort-technology.com\/"},{"@type":"ListItem","position":2,"name":"Pojazd podwodny AUV Kongsberg HUGIN SUPERIOR"}]},{"@type":"WebSite","@id":"http:\/\/escort-technology.com\/de\/#website","url":"http:\/\/escort-technology.com\/de\/","name":"ESCORT TECHNOLOGY","description":"Elektronika morska i l\u0105dowa","publisher":{"@id":"http:\/\/escort-technology.com\/de\/#organization"},"potentialAction":[{"@type":"SearchAction","target":{"@type":"EntryPoint","urlTemplate":"http:\/\/escort-technology.com\/de\/?s={search_term_string}"},"query-input":{"@type":"PropertyValueSpecification","valueRequired":true,"valueName":"search_term_string"}}],"inLanguage":"pl-PL"},{"@type":"Organization","@id":"http:\/\/escort-technology.com\/de\/#organization","name":"ESCORT TECHNOLOGY","url":"http:\/\/escort-technology.com\/de\/","logo":{"@type":"ImageObject","inLanguage":"pl-PL","@id":"http:\/\/escort-technology.com\/de\/#\/schema\/logo\/image\/","url":"https:\/\/escort-technology.com\/wp-content\/uploads\/logo-1.jpg","contentUrl":"https:\/\/escort-technology.com\/wp-content\/uploads\/logo-1.jpg","width":600,"height":165,"caption":"ESCORT TECHNOLOGY"},"image":{"@id":"http:\/\/escort-technology.com\/de\/#\/schema\/logo\/image\/"},"sameAs":["https:\/\/www.facebook.com\/elektronika.morska\/","https:\/\/www.linkedin.com\/company\/escort-sp-z-o-o-\/"]}]}},"_links":{"self":[{"href":"https:\/\/escort-technology.com\/pl\/wp-json\/wp\/v2\/pages\/9792","targetHints":{"allow":["GET"]}}],"collection":[{"href":"https:\/\/escort-technology.com\/pl\/wp-json\/wp\/v2\/pages"}],"about":[{"href":"https:\/\/escort-technology.com\/pl\/wp-json\/wp\/v2\/types\/page"}],"author":[{"embeddable":true,"href":"https:\/\/escort-technology.com\/pl\/wp-json\/wp\/v2\/users\/10"}],"replies":[{"embeddable":true,"href":"https:\/\/escort-technology.com\/pl\/wp-json\/wp\/v2\/comments?post=9792"}],"version-history":[{"count":13,"href":"https:\/\/escort-technology.com\/pl\/wp-json\/wp\/v2\/pages\/9792\/revisions"}],"predecessor-version":[{"id":9807,"href":"https:\/\/escort-technology.com\/pl\/wp-json\/wp\/v2\/pages\/9792\/revisions\/9807"}],"wp:attachment":[{"href":"https:\/\/escort-technology.com\/pl\/wp-json\/wp\/v2\/media?parent=9792"}],"curies":[{"name":"wp","href":"https:\/\/api.w.org\/{rel}","templated":true}]}}