{"id":9876,"date":"2021-09-30T07:45:20","date_gmt":"2021-09-30T05:45:20","guid":{"rendered":"https:\/\/escort-technology.com\/?page_id=9876"},"modified":"2021-09-30T09:59:05","modified_gmt":"2021-09-30T07:59:05","slug":"pojazd-powierzchniowy-kongsberg-sounder-usv","status":"publish","type":"page","link":"https:\/\/escort-technology.com\/pl\/pojazd-powierzchniowy-kongsberg-sounder-usv\/","title":{"rendered":"Pojazd powierzchniowy Kongsberg Sounder USV"},"content":{"rendered":"<h1>\n<h1 class=\"uk-article-title\">Pojazd powierzchniowy Kongsberg Sounder USV<\/h1>\n<\/h1>\n<hr>\n<p><img decoding=\"async\" src=\"\/wp-content\/uploads\/2021\/09\/sounder_scan.jpg\" alt=\"\"><\/p>\n<div>\n<p><strong>BEZZA\u0141OGOWY POJAZD NAWODNY, SOUNDER<\/strong><br \/>Wielokrotnie nagradzany system KONGSBERG Sounder USV jest wielozadaniowym systemem bezza\u0142ogowych pojazd\u00f3w nawodnych o unikalnej konstrukcji kad\u0142uba, zapewniaj\u0105cej wysok\u0105 wydajno\u015b\u0107 w zastosowaniach hydroakustycznych.<\/p>\n<\/div>\n<p><iframe src=\"https:\/\/youtu.be\/x7u1hFwIFTM\"><\/iframe><\/p>\n<div>\n<p>Sounder Unmanned Surface Vehicle &#8211; USV umo\u017cliwia szybk\u0105 i \u0142atw\u0105 zmian\u0119 obci\u0105\u017cenia u\u017cytkowego i jest przystosowany do monta\u017cu zar\u00f3wno na kad\u0142ubie, jak i na dziobie statku. System autonomii K-MATE firmy KONGSBERG zapewnia bezpieczn\u0105 nawigacj\u0119 i kontrol\u0119 systemu, zdolnego do bezpo\u015bredniego zdalnego sterowania, nadzorowanego lub autonomicznego dzia\u0142ania *. Solidny i niezawodny system nap\u0119dowy oraz konstrukcja kad\u0142uba zapewnia bezpieczn\u0105 \u017ceglug\u0119 do 20 dni.<\/p>\n<p>* Nasze autonomiczne systemy bezza\u0142ogowe s\u0105 zaprojektowane tak, aby by\u0142y zgodne z obowi\u0105zuj\u0105cymi przepisami, z jednoczesnym ostrze\u017ceniem, \u017ce nie jeste\u015bmy w stanie przewidzie\u0107 wszystkich scenariuszy i wynik\u00f3w. Aby umo\u017cliwi\u0107 bezpieczne dzia\u0142anie, zalecamy nadz\u00f3r w czasie rzeczywistym nad bezza\u0142ogowymi pojazdami nawodnymi w celu promowania najlepszych praktyk i bezpiecznych operacji. Unikalna konstrukcja kad\u0142uba zapewnia wysok\u0105 wydajno\u015b\u0107 dla zastosowa\u0144 hydroakustycznych.<\/p>\n<p>WIELOZADANIOWA PLATFORMA USV<br \/>Dzi\u0119ki przestronnej przestrzeni ksi\u0119\u017cycowej i mo\u017cliwo\u015bci monta\u017cu w szafie rack, Sounder USV System jest elastyczn\u0105 i adaptowaln\u0105 platform\u0105 do r\u00f3\u017cnych zastosowa\u0144. Pok\u0142adowa generacja energii zapewnia wystarczaj\u0105c\u0105 moc do obs\u0142ugi kilku \u0142adunk\u00f3w jednocze\u015bnie. \u0141adunek jest instalowany w komorze ksi\u0119\u017cycowej, ale dostosowanie do potrzeb klienta umo\u017cliwia instalacj\u0119 w st\u0119pce lub nawet na dziobie.<\/p>\n<p><strong>WSZYSTKO ZALE\u017bY OD DANYCH<\/strong><br \/>W trakcie ca\u0142ego procesu projektowania skupiono si\u0119 na stworzeniu optymalnej platformy dla hydroakustycznych czujnik\u00f3w \u0142adunku i maksymalnej wytrzyma\u0142o\u015bci przy jednoczesnym zachowaniu mo\u017cliwo\u015bci transportu statku w standardowych kontenerach transportowych, co pozwala na efektywne rozmieszczenie w dowolnym miejscu na \u015bwiecie. Kszta\u0142t kad\u0142uba zapewnia p\u0142ynn\u0105 \u017ceglug\u0119 przez wod\u0119, eliminuj\u0105c aeracj\u0119 i minimalizuj\u0105c op\u00f3r powietrza. Smuk\u0142y dzi\u00f3b i p\u0142etwy stabilizuj\u0105ce t\u0142umi\u0105 ruchy przechy\u0142owe i boczne, a trzy stery zapewniaj\u0105 wyj\u0105tkow\u0105 zwrotno\u015b\u0107.<\/p>\n<p>System Sounder USV zosta\u0142 zaprojektowany do zastosowa\u0144 hydroakustycznych, od wyszukiwania ryb i bada\u0144 rybackich po mapowanie dna morskiego. Dzi\u0119ki szerokiej gamie sonar\u00f3w i echosond firmy KONGSBERG, Sounder jest wszechstronn\u0105 platform\u0105 do wielu zastosowa\u0144; jest to holistyczne rozwi\u0105zanie od wiod\u0105cego na \u015bwiecie producenta profesjonalnych sonar\u00f3w i pojazd\u00f3w autonomicznych.<\/p>\n<p><strong>ZASTOSOWANIA<\/strong><br \/><strong>POZYCJONOWANIE USBL<\/strong><\/p>\n<ul>\n<li>Wspomaganie pozycjonowania pojazd\u00f3w AUV USBL<\/li>\n<li>Wsparcie sejsmiczne<\/li>\n<li>Kalibracja LBL\/USBL i ustalanie pozycji<\/li>\n<\/ul>\n<p><strong>ECHOSONDY WIELOWI\u0104ZKOWE<\/strong><\/p>\n<ul>\n<li>Badania hydrograficzne<\/li>\n<li>Badania port\u00f3w<\/li>\n<li>Poszukiwania<\/li>\n<\/ul>\n<p><strong>NAUKOWE I BADAWCZE<\/strong><\/p>\n<ul>\n<li>Niestandardowa instalacja moonpool, w kad\u0142ubie lub na dziobie<\/li>\n<li>Pomiar CTD za pomoc\u0105 wci\u0105garki<\/li>\n<\/ul>\n<p><strong>RYBO\u0141\u00d3WSTWO<\/strong><\/p>\n<ul>\n<li>Wykrywanie, klasyfikacja i \u015bledzenie ryb za pomoc\u0105 sonaru rybackiego SX90 i echosondy ES80<\/li>\n<\/ul>\n<p><strong>DANE TECHNICZNE<\/strong><\/p>\n<p>D\u0142ugo\u015b\u0107: 8m<br \/>Szeroko\u015b\u0107: 2.2m<br \/>Wysoko\u015b\u0107: 2,3 \/ 4,4m (maszt w d\u00f3\u0142\/w g\u00f3r\u0119)<br \/>Zanurzenie: 0.7m<br \/>Waga: 4,200kg &#8211; gotowy do eksploatacji<br \/>Nap\u0119d: 125KM silnik Diesla Steyr z p\u0119dnikiem o sta\u0142ym skoku<br \/>Pr\u0119dko\u015b\u0107: 12 w\u0119z\u0142\u00f3w (max)<br \/>Wytrzyma\u0142o\u015b\u0107: Do 20 dni przy 4 w\u0119z\u0142ach<br \/>Moc obci\u0105\u017cenia u\u017cytkowego: &gt; 4 kW @ 4 w\u0119z\u0142y<br \/>Sterowanie: Silnik autonomiczny K-MATE do bezpo\u015bredniego, nadzorowanego i autonomicznego dzia\u0142ania<br \/>Komunikacja: Morska szerokopasmowa \u0142\u0105czno\u015b\u0107 radiowa\/Iridium (opcjonalnie VSAT)<\/p>\n<\/div>\n<p>\n    <a href=\"https:\/\/www.kongsberg.com\/contentassets\/e7566e35d2864417a0e5a3899259f0eb\/USV-Sounder-Productsheet.pdf\">Karta katalogowa <\/a>\n<\/p>\n<p><img decoding=\"async\" src=\"\/wp-content\/uploads\/2021\/09\/km_sounder_3.jpg\" alt=\"\"><br \/>\n<img decoding=\"async\" src=\"\/wp-content\/uploads\/2021\/09\/km_sounder_1.jpg\" alt=\"\"><\/p>\n<p><!--more--><br \/>\n<!-- {\"type\":\"layout\",\"children\":[{\"type\":\"section\",\"props\":{\"style\":\"default\",\"width\":\"default\",\"vertical_align\":\"middle\",\"title_position\":\"top-left\",\"title_rotation\":\"left\",\"title_breakpoint\":\"xl\",\"image_position\":\"center-center\"},\"children\":[{\"type\":\"row\",\"children\":[{\"type\":\"column\",\"props\":{\"image_position\":\"center-center\",\"media_overlay_gradient\":\"\"},\"children\":[{\"type\":\"headline\",\"props\":{\"title_element\":\"h1\",\"content\":\"\n\n<h1 class=\\\"uk-article-title\\\">Pojazd powierzchniowy Kongsberg Sounder USV<\\\/h1>\"}},{\"type\":\"divider\",\"props\":{\"divider_element\":\"hr\"}}]}]}]},{\"type\":\"section\",\"props\":{\"style\":\"default\",\"width\":\"default\",\"vertical_align\":\"middle\",\"title_position\":\"top-left\",\"title_rotation\":\"left\",\"title_breakpoint\":\"xl\",\"image_position\":\"center-center\"},\"children\":[{\"type\":\"row\",\"children\":[{\"type\":\"column\",\"props\":{\"image_position\":\"center-center\",\"media_overlay_gradient\":\"\"},\"children\":[{\"type\":\"image\",\"props\":{\"margin\":\"default\",\"image_svg_color\":\"emphasis\",\"image\":\"wp-content\\\/uploads\\\/2021\\\/09\\\/sounder_scan.jpg\",\"text_align\":\"center\"}},{\"type\":\"text\",\"props\":{\"margin\":\"default\",\"column_breakpoint\":\"m\",\"content\":\"\n\n<p><strong>BEZZA\\u0141OGOWY POJAZD NAWODNY, SOUNDER<\\\/strong><br \\\/>Wielokrotnie nagradzany system KONGSBERG Sounder USV jest wielozadaniowym systemem bezza\\u0142ogowych pojazd\\u00f3w nawodnych o unikalnej konstrukcji kad\\u0142uba, zapewniaj\\u0105cej wysok\\u0105 wydajno\\u015b\\u0107 w zastosowaniach hydroakustycznych.<\\\/p>\"}},{\"type\":\"video\",\"props\":{\"video_controls\":true,\"margin\":\"default\",\"video\":\"https:\\\/\\\/youtu.be\\\/x7u1hFwIFTM\",\"text_align\":\"center\",\"video_width\":\"450\"}},{\"type\":\"text\",\"props\":{\"margin\":\"default\",\"column_breakpoint\":\"m\",\"content\":\"\n\n<p>Sounder Unmanned Surface Vehicle - USV umo\\u017cliwia szybk\\u0105 i \\u0142atw\\u0105 zmian\\u0119 obci\\u0105\\u017cenia u\\u017cytkowego i jest przystosowany do monta\\u017cu zar\\u00f3wno na kad\\u0142ubie, jak i na dziobie statku. System autonomii K-MATE firmy KONGSBERG zapewnia bezpieczn\\u0105 nawigacj\\u0119 i kontrol\\u0119 systemu, zdolnego do bezpo\\u015bredniego zdalnego sterowania, nadzorowanego lub autonomicznego dzia\\u0142ania *. Solidny i niezawodny system nap\\u0119dowy oraz konstrukcja kad\\u0142uba zapewnia bezpieczn\\u0105 \\u017ceglug\\u0119 do 20 dni.<\\\/p>\\n\n\n<p>* Nasze autonomiczne systemy bezza\\u0142ogowe s\\u0105 zaprojektowane tak, aby by\\u0142y zgodne z obowi\\u0105zuj\\u0105cymi przepisami, z jednoczesnym ostrze\\u017ceniem, \\u017ce nie jeste\\u015bmy w stanie przewidzie\\u0107 wszystkich scenariuszy i wynik\\u00f3w. Aby umo\\u017cliwi\\u0107 bezpieczne dzia\\u0142anie, zalecamy nadz\\u00f3r w czasie rzeczywistym nad bezza\\u0142ogowymi pojazdami nawodnymi w celu promowania najlepszych praktyk i bezpiecznych operacji. Unikalna konstrukcja kad\\u0142uba zapewnia wysok\\u0105 wydajno\\u015b\\u0107 dla zastosowa\\u0144 hydroakustycznych.<\\\/p>\\n\n\n<p>WIELOZADANIOWA PLATFORMA USV<br \\\/>Dzi\\u0119ki przestronnej przestrzeni ksi\\u0119\\u017cycowej i mo\\u017cliwo\\u015bci monta\\u017cu w szafie rack, Sounder USV System jest elastyczn\\u0105 i adaptowaln\\u0105 platform\\u0105 do r\\u00f3\\u017cnych zastosowa\\u0144. Pok\\u0142adowa generacja energii zapewnia wystarczaj\\u0105c\\u0105 moc do obs\\u0142ugi kilku \\u0142adunk\\u00f3w jednocze\\u015bnie. \\u0141adunek jest instalowany w komorze ksi\\u0119\\u017cycowej, ale dostosowanie do potrzeb klienta umo\\u017cliwia instalacj\\u0119 w st\\u0119pce lub nawet na dziobie.<\\\/p>\\n\n\n<p><strong>WSZYSTKO ZALE\\u017bY OD DANYCH<\\\/strong><br \\\/>W trakcie ca\\u0142ego procesu projektowania skupiono si\\u0119 na stworzeniu optymalnej platformy dla hydroakustycznych czujnik\\u00f3w \\u0142adunku i maksymalnej wytrzyma\\u0142o\\u015bci przy jednoczesnym zachowaniu mo\\u017cliwo\\u015bci transportu statku w standardowych kontenerach transportowych, co pozwala na efektywne rozmieszczenie w dowolnym miejscu na \\u015bwiecie. Kszta\\u0142t kad\\u0142uba zapewnia p\\u0142ynn\\u0105 \\u017ceglug\\u0119 przez wod\\u0119, eliminuj\\u0105c aeracj\\u0119 i minimalizuj\\u0105c op\\u00f3r powietrza. Smuk\\u0142y dzi\\u00f3b i p\\u0142etwy stabilizuj\\u0105ce t\\u0142umi\\u0105 ruchy przechy\\u0142owe i boczne, a trzy stery zapewniaj\\u0105 wyj\\u0105tkow\\u0105 zwrotno\\u015b\\u0107.<\\\/p>\\n\n\n<p>System Sounder USV zosta\\u0142 zaprojektowany do zastosowa\\u0144 hydroakustycznych, od wyszukiwania ryb i bada\\u0144 rybackich po mapowanie dna morskiego. Dzi\\u0119ki szerokiej gamie sonar\\u00f3w i echosond firmy KONGSBERG, Sounder jest wszechstronn\\u0105 platform\\u0105 do wielu zastosowa\\u0144; jest to holistyczne rozwi\\u0105zanie od wiod\\u0105cego na \\u015bwiecie producenta profesjonalnych sonar\\u00f3w i pojazd\\u00f3w autonomicznych.<\\\/p>\\n\n\n<p><strong>ZASTOSOWANIA<\\\/strong><br \\\/><strong>POZYCJONOWANIE USBL<\\\/strong><\\\/p>\\n\n\n<ul>\\n\n\n<li>Wspomaganie pozycjonowania pojazd\\u00f3w AUV USBL<\\\/li>\\n\n\n<li>Wsparcie sejsmiczne<\\\/li>\\n\n\n<li>Kalibracja LBL\\\/USBL i ustalanie pozycji<\\\/li>\\n<\\\/ul>\\n\n\n<p><\\\/p>\\n\n\n<p><strong>ECHOSONDY WIELOWI\\u0104ZKOWE<\\\/strong><\\\/p>\\n\n\n<ul>\\n\n\n<li>Badania hydrograficzne<\\\/li>\\n\n\n<li>Badania port\\u00f3w<\\\/li>\\n\n\n<li>Poszukiwania<\\\/li>\\n<\\\/ul>\\n\n\n<p><strong>NAUKOWE I BADAWCZE<\\\/strong><\\\/p>\\n\n\n<ul>\\n\n\n<li>Niestandardowa instalacja moonpool, w kad\\u0142ubie lub na dziobie<\\\/li>\\n\n\n<li>Pomiar CTD za pomoc\\u0105 wci\\u0105garki<\\\/li>\\n<\\\/ul>\\n\n\n<p><strong>RYBO\\u0141\\u00d3WSTWO<\\\/strong><\\\/p>\\n\n\n<ul>\\n\n\n<li>Wykrywanie, klasyfikacja i \\u015bledzenie ryb za pomoc\\u0105 sonaru rybackiego SX90 i echosondy ES80<\\\/li>\\n<\\\/ul>\\n\n\n<p><strong>DANE TECHNICZNE<\\\/strong><\\\/p>\\n\n\n<p>D\\u0142ugo\\u015b\\u0107: 8m<br \\\/>Szeroko\\u015b\\u0107: 2.2m<br \\\/>Wysoko\\u015b\\u0107: 2,3 \\\/ 4,4m (maszt w d\\u00f3\\u0142\\\/w g\\u00f3r\\u0119)<br \\\/>Zanurzenie: 0.7m<br \\\/>Waga: 4,200kg - gotowy do eksploatacji<br \\\/>Nap\\u0119d: 125KM silnik Diesla Steyr z p\\u0119dnikiem o sta\\u0142ym skoku<br \\\/>Pr\\u0119dko\\u015b\\u0107: 12 w\\u0119z\\u0142\\u00f3w (max)<br \\\/>Wytrzyma\\u0142o\\u015b\\u0107: Do 20 dni przy 4 w\\u0119z\\u0142ach<br \\\/>Moc obci\\u0105\\u017cenia u\\u017cytkowego: &gt; 4 kW @ 4 w\\u0119z\\u0142y<br \\\/>Sterowanie: Silnik autonomiczny K-MATE do bezpo\\u015bredniego, nadzorowanego i autonomicznego dzia\\u0142ania<br \\\/>Komunikacja: Morska szerokopasmowa \\u0142\\u0105czno\\u015b\\u0107 radiowa\\\/Iridium (opcjonalnie VSAT)<\\\/p>\"}},{\"type\":\"button\",\"props\":{\"grid_column_gap\":\"small\",\"grid_row_gap\":\"small\",\"margin\":\"default\",\"text_align\":\"center\"},\"children\":[{\"type\":\"button_item\",\"props\":{\"button_style\":\"default\",\"icon_align\":\"left\",\"content\":\"Karta katalogowa \",\"link\":\"https:\\\/\\\/www.kongsberg.com\\\/contentassets\\\/e7566e35d2864417a0e5a3899259f0eb\\\/USV-Sounder-Productsheet.pdf\"}}]}]}]}]},{\"type\":\"section\",\"props\":{\"style\":\"default\",\"width\":\"default\",\"vertical_align\":\"middle\",\"title_position\":\"top-left\",\"title_rotation\":\"left\",\"title_breakpoint\":\"xl\",\"image_position\":\"center-center\"},\"children\":[{\"type\":\"row\",\"props\":{\"layout\":\"1-2,1-2\"},\"children\":[{\"type\":\"column\",\"props\":{\"image_position\":\"center-center\",\"media_overlay_gradient\":\"\",\"width_medium\":\"1-2\"},\"children\":[{\"type\":\"image\",\"props\":{\"margin\":\"default\",\"image_svg_color\":\"emphasis\",\"image\":\"wp-content\\\/uploads\\\/2021\\\/09\\\/km_sounder_3.jpg\"}}]},{\"type\":\"column\",\"props\":{\"image_position\":\"center-center\",\"media_overlay_gradient\":\"\",\"width_medium\":\"1-2\"},\"children\":[{\"type\":\"image\",\"props\":{\"margin\":\"default\",\"image_svg_color\":\"emphasis\",\"image\":\"wp-content\\\/uploads\\\/2021\\\/09\\\/km_sounder_1.jpg\"}}]}]}]}],\"version\":\"2.4.14\"} --><\/p>\n","protected":false},"excerpt":{"rendered":"<p>Pojazd powierzchniowy Kongsberg Sounder USV BEZZA\u0141OGOWY POJAZD NAWODNY, SOUNDERWielokrotnie nagradzany system KONGSBERG Sounder USV jest wielozadaniowym systemem bezza\u0142ogowych pojazd\u00f3w nawodnych o unikalnej konstrukcji kad\u0142uba, zapewniaj\u0105cej wysok\u0105 wydajno\u015b\u0107 w zastosowaniach hydroakustycznych. Sounder Unmanned Surface Vehicle &#8211; USV umo\u017cliwia szybk\u0105 i \u0142atw\u0105 zmian\u0119 obci\u0105\u017cenia u\u017cytkowego i jest przystosowany do monta\u017cu zar\u00f3wno na kad\u0142ubie, jak i na dziobie [&hellip;]<\/p>\n","protected":false},"author":10,"featured_media":0,"parent":0,"menu_order":0,"comment_status":"closed","ping_status":"closed","template":"","meta":{"footnotes":""},"class_list":["post-9876","page","type-page","status-publish","hentry"],"yoast_head":"<!-- This site is optimized with the Yoast SEO plugin v27.6 - https:\/\/yoast.com\/product\/yoast-seo-wordpress\/ -->\n<title>Pojazd powierzchniowy Kongsberg Sounder USV - ESCORT TECHNOLOGY<\/title>\n<meta name=\"robots\" content=\"index, follow, max-snippet:-1, max-image-preview:large, max-video-preview:-1\" \/>\n<link rel=\"canonical\" href=\"https:\/\/escort-technology.com\/pl\/pojazd-powierzchniowy-kongsberg-sounder-usv\/\" \/>\n<meta property=\"og:locale\" content=\"pl_PL\" \/>\n<meta property=\"og:type\" content=\"article\" \/>\n<meta property=\"og:title\" content=\"Pojazd powierzchniowy Kongsberg Sounder USV - ESCORT TECHNOLOGY\" \/>\n<meta property=\"og:description\" content=\"Pojazd powierzchniowy Kongsberg Sounder USV BEZZA\u0141OGOWY POJAZD NAWODNY, SOUNDERWielokrotnie nagradzany system KONGSBERG Sounder USV jest wielozadaniowym systemem bezza\u0142ogowych pojazd\u00f3w nawodnych o unikalnej konstrukcji kad\u0142uba, zapewniaj\u0105cej wysok\u0105 wydajno\u015b\u0107 w zastosowaniach hydroakustycznych. Sounder Unmanned Surface Vehicle &#8211; USV umo\u017cliwia szybk\u0105 i \u0142atw\u0105 zmian\u0119 obci\u0105\u017cenia u\u017cytkowego i jest przystosowany do monta\u017cu zar\u00f3wno na kad\u0142ubie, jak i na dziobie [&hellip;]\" \/>\n<meta property=\"og:url\" content=\"https:\/\/escort-technology.com\/pl\/pojazd-powierzchniowy-kongsberg-sounder-usv\/\" \/>\n<meta property=\"og:site_name\" content=\"ESCORT TECHNOLOGY\" \/>\n<meta property=\"article:publisher\" content=\"https:\/\/www.facebook.com\/elektronika.morska\/\" \/>\n<meta property=\"article:modified_time\" content=\"2021-09-30T07:59:05+00:00\" \/>\n<meta property=\"og:image\" content=\"https:\/\/escort-technology.com\/wp-content\/uploads\/2021\/09\/sounder_scan.jpg\" \/>\n<meta name=\"twitter:card\" content=\"summary_large_image\" \/>\n<meta name=\"twitter:label1\" content=\"Szacowany czas czytania\" \/>\n\t<meta name=\"twitter:data1\" content=\"3 minuty\" \/>\n<script type=\"application\/ld+json\" class=\"yoast-schema-graph\">{\"@context\":\"https:\\\/\\\/schema.org\",\"@graph\":[{\"@type\":\"WebPage\",\"@id\":\"https:\\\/\\\/escort-technology.com\\\/en\\\/pojazd-powierzchniowy-kongsberg-sounder-usv\\\/\",\"url\":\"https:\\\/\\\/escort-technology.com\\\/en\\\/pojazd-powierzchniowy-kongsberg-sounder-usv\\\/\",\"name\":\"Pojazd powierzchniowy Kongsberg Sounder USV - ESCORT TECHNOLOGY\",\"isPartOf\":{\"@id\":\"http:\\\/\\\/escort-technology.com\\\/de\\\/#website\"},\"datePublished\":\"2021-09-30T05:45:20+00:00\",\"dateModified\":\"2021-09-30T07:59:05+00:00\",\"breadcrumb\":{\"@id\":\"https:\\\/\\\/escort-technology.com\\\/en\\\/pojazd-powierzchniowy-kongsberg-sounder-usv\\\/#breadcrumb\"},\"inLanguage\":\"pl-PL\",\"potentialAction\":[{\"@type\":\"ReadAction\",\"target\":[\"https:\\\/\\\/escort-technology.com\\\/en\\\/pojazd-powierzchniowy-kongsberg-sounder-usv\\\/\"]}]},{\"@type\":\"BreadcrumbList\",\"@id\":\"https:\\\/\\\/escort-technology.com\\\/en\\\/pojazd-powierzchniowy-kongsberg-sounder-usv\\\/#breadcrumb\",\"itemListElement\":[{\"@type\":\"ListItem\",\"position\":1,\"name\":\"Strona g\u0142\u00f3wna\",\"item\":\"https:\\\/\\\/escort-technology.com\\\/\"},{\"@type\":\"ListItem\",\"position\":2,\"name\":\"Pojazd powierzchniowy Kongsberg Sounder USV\"}]},{\"@type\":\"WebSite\",\"@id\":\"http:\\\/\\\/escort-technology.com\\\/de\\\/#website\",\"url\":\"http:\\\/\\\/escort-technology.com\\\/de\\\/\",\"name\":\"ESCORT TECHNOLOGY\",\"description\":\"Elektronika morska i l\u0105dowa\",\"publisher\":{\"@id\":\"http:\\\/\\\/escort-technology.com\\\/de\\\/#organization\"},\"potentialAction\":[{\"@type\":\"SearchAction\",\"target\":{\"@type\":\"EntryPoint\",\"urlTemplate\":\"http:\\\/\\\/escort-technology.com\\\/de\\\/?s={search_term_string}\"},\"query-input\":{\"@type\":\"PropertyValueSpecification\",\"valueRequired\":true,\"valueName\":\"search_term_string\"}}],\"inLanguage\":\"pl-PL\"},{\"@type\":\"Organization\",\"@id\":\"http:\\\/\\\/escort-technology.com\\\/de\\\/#organization\",\"name\":\"ESCORT TECHNOLOGY\",\"url\":\"http:\\\/\\\/escort-technology.com\\\/de\\\/\",\"logo\":{\"@type\":\"ImageObject\",\"inLanguage\":\"pl-PL\",\"@id\":\"http:\\\/\\\/escort-technology.com\\\/de\\\/#\\\/schema\\\/logo\\\/image\\\/\",\"url\":\"https:\\\/\\\/escort-technology.com\\\/wp-content\\\/uploads\\\/logo-1.jpg\",\"contentUrl\":\"https:\\\/\\\/escort-technology.com\\\/wp-content\\\/uploads\\\/logo-1.jpg\",\"width\":600,\"height\":165,\"caption\":\"ESCORT TECHNOLOGY\"},\"image\":{\"@id\":\"http:\\\/\\\/escort-technology.com\\\/de\\\/#\\\/schema\\\/logo\\\/image\\\/\"},\"sameAs\":[\"https:\\\/\\\/www.facebook.com\\\/elektronika.morska\\\/\",\"https:\\\/\\\/www.linkedin.com\\\/company\\\/escort-sp-z-o-o-\\\/\"]}]}<\/script>\n<!-- \/ Yoast SEO plugin. -->","yoast_head_json":{"title":"Pojazd powierzchniowy Kongsberg Sounder USV - ESCORT TECHNOLOGY","robots":{"index":"index","follow":"follow","max-snippet":"max-snippet:-1","max-image-preview":"max-image-preview:large","max-video-preview":"max-video-preview:-1"},"canonical":"https:\/\/escort-technology.com\/pl\/pojazd-powierzchniowy-kongsberg-sounder-usv\/","og_locale":"pl_PL","og_type":"article","og_title":"Pojazd powierzchniowy Kongsberg Sounder USV - ESCORT TECHNOLOGY","og_description":"Pojazd powierzchniowy Kongsberg Sounder USV BEZZA\u0141OGOWY POJAZD NAWODNY, SOUNDERWielokrotnie nagradzany system KONGSBERG Sounder USV jest wielozadaniowym systemem bezza\u0142ogowych pojazd\u00f3w nawodnych o unikalnej konstrukcji kad\u0142uba, zapewniaj\u0105cej wysok\u0105 wydajno\u015b\u0107 w zastosowaniach hydroakustycznych. Sounder Unmanned Surface Vehicle &#8211; USV umo\u017cliwia szybk\u0105 i \u0142atw\u0105 zmian\u0119 obci\u0105\u017cenia u\u017cytkowego i jest przystosowany do monta\u017cu zar\u00f3wno na kad\u0142ubie, jak i na dziobie [&hellip;]","og_url":"https:\/\/escort-technology.com\/pl\/pojazd-powierzchniowy-kongsberg-sounder-usv\/","og_site_name":"ESCORT TECHNOLOGY","article_publisher":"https:\/\/www.facebook.com\/elektronika.morska\/","article_modified_time":"2021-09-30T07:59:05+00:00","og_image":[{"url":"https:\/\/escort-technology.com\/wp-content\/uploads\/2021\/09\/sounder_scan.jpg","type":"","width":"","height":""}],"twitter_card":"summary_large_image","twitter_misc":{"Szacowany czas czytania":"3 minuty"},"schema":{"@context":"https:\/\/schema.org","@graph":[{"@type":"WebPage","@id":"https:\/\/escort-technology.com\/en\/pojazd-powierzchniowy-kongsberg-sounder-usv\/","url":"https:\/\/escort-technology.com\/en\/pojazd-powierzchniowy-kongsberg-sounder-usv\/","name":"Pojazd powierzchniowy Kongsberg Sounder USV - ESCORT TECHNOLOGY","isPartOf":{"@id":"http:\/\/escort-technology.com\/de\/#website"},"datePublished":"2021-09-30T05:45:20+00:00","dateModified":"2021-09-30T07:59:05+00:00","breadcrumb":{"@id":"https:\/\/escort-technology.com\/en\/pojazd-powierzchniowy-kongsberg-sounder-usv\/#breadcrumb"},"inLanguage":"pl-PL","potentialAction":[{"@type":"ReadAction","target":["https:\/\/escort-technology.com\/en\/pojazd-powierzchniowy-kongsberg-sounder-usv\/"]}]},{"@type":"BreadcrumbList","@id":"https:\/\/escort-technology.com\/en\/pojazd-powierzchniowy-kongsberg-sounder-usv\/#breadcrumb","itemListElement":[{"@type":"ListItem","position":1,"name":"Strona g\u0142\u00f3wna","item":"https:\/\/escort-technology.com\/"},{"@type":"ListItem","position":2,"name":"Pojazd powierzchniowy Kongsberg Sounder USV"}]},{"@type":"WebSite","@id":"http:\/\/escort-technology.com\/de\/#website","url":"http:\/\/escort-technology.com\/de\/","name":"ESCORT TECHNOLOGY","description":"Elektronika morska i l\u0105dowa","publisher":{"@id":"http:\/\/escort-technology.com\/de\/#organization"},"potentialAction":[{"@type":"SearchAction","target":{"@type":"EntryPoint","urlTemplate":"http:\/\/escort-technology.com\/de\/?s={search_term_string}"},"query-input":{"@type":"PropertyValueSpecification","valueRequired":true,"valueName":"search_term_string"}}],"inLanguage":"pl-PL"},{"@type":"Organization","@id":"http:\/\/escort-technology.com\/de\/#organization","name":"ESCORT TECHNOLOGY","url":"http:\/\/escort-technology.com\/de\/","logo":{"@type":"ImageObject","inLanguage":"pl-PL","@id":"http:\/\/escort-technology.com\/de\/#\/schema\/logo\/image\/","url":"https:\/\/escort-technology.com\/wp-content\/uploads\/logo-1.jpg","contentUrl":"https:\/\/escort-technology.com\/wp-content\/uploads\/logo-1.jpg","width":600,"height":165,"caption":"ESCORT TECHNOLOGY"},"image":{"@id":"http:\/\/escort-technology.com\/de\/#\/schema\/logo\/image\/"},"sameAs":["https:\/\/www.facebook.com\/elektronika.morska\/","https:\/\/www.linkedin.com\/company\/escort-sp-z-o-o-\/"]}]}},"_links":{"self":[{"href":"https:\/\/escort-technology.com\/pl\/wp-json\/wp\/v2\/pages\/9876","targetHints":{"allow":["GET"]}}],"collection":[{"href":"https:\/\/escort-technology.com\/pl\/wp-json\/wp\/v2\/pages"}],"about":[{"href":"https:\/\/escort-technology.com\/pl\/wp-json\/wp\/v2\/types\/page"}],"author":[{"embeddable":true,"href":"https:\/\/escort-technology.com\/pl\/wp-json\/wp\/v2\/users\/10"}],"replies":[{"embeddable":true,"href":"https:\/\/escort-technology.com\/pl\/wp-json\/wp\/v2\/comments?post=9876"}],"version-history":[{"count":10,"href":"https:\/\/escort-technology.com\/pl\/wp-json\/wp\/v2\/pages\/9876\/revisions"}],"predecessor-version":[{"id":9902,"href":"https:\/\/escort-technology.com\/pl\/wp-json\/wp\/v2\/pages\/9876\/revisions\/9902"}],"wp:attachment":[{"href":"https:\/\/escort-technology.com\/pl\/wp-json\/wp\/v2\/media?parent=9876"}],"curies":[{"name":"wp","href":"https:\/\/api.w.org\/{rel}","templated":true}]}}